{"id":807,"date":"2024-05-03T05:42:55","date_gmt":"2024-05-03T05:42:55","guid":{"rendered":"https:\/\/mortarsummit.eu\/registrieung\/"},"modified":"2025-01-13T06:36:03","modified_gmt":"2025-01-13T06:36:03","slug":"registrierung","status":"publish","type":"page","link":"https:\/\/mortarsummit.eu\/de\/registrierung\/","title":{"rendered":"Registrierung"},"content":{"rendered":"<h1>Registrierung<\/h1>\n<h3>Registrieren Sie sich jetzt f\u00fcr den European Mortar Summit 2025!<\/h3>\n<p>Nehmen Sie am <strong>European Mortar Summit 2025 <\/strong>teil &#8211; der Pflichtveranstaltung f\u00fcr Fachleute aus der <strong>M\u00f6rtel-, Putz- und D\u00e4mmstoffindustrie<\/strong>! Tauschen Sie sich mit Experten aus, entdecken Sie die neuesten Innovationen und bleiben Sie den Branchentrends voraus. Mit aufschlussreichen Keynotes, einem Innovations-Workshop und wertvollen Networking-M\u00f6glichkeiten ist dieser Gipfel Ihre Chance, Kontakte zu kn\u00fcpfen, zu lernen und die Zukunft der M\u00f6rteltechnologie zu beeinflussen. Melden Sie sich jetzt an und nehmen Sie an der Diskussion teil!  <\/p>\n<p>\t\t\t\t\t\t\t\t\t\t\t\t\t\t\t<img fetchpriority=\"high\" decoding=\"async\" width=\"800\" height=\"532\" src=\"https:\/\/mortarsummit.eu\/wp-content\/uploads\/2024\/07\/JCL_8241-1024x681.jpg\" alt=\"\" srcset=\"https:\/\/mortarsummit.eu\/wp-content\/uploads\/2024\/07\/JCL_8241-1024x681.jpg 1024w, https:\/\/mortarsummit.eu\/wp-content\/uploads\/2024\/07\/JCL_8241-300x200.jpg 300w, https:\/\/mortarsummit.eu\/wp-content\/uploads\/2024\/07\/JCL_8241-768x511.jpg 768w, https:\/\/mortarsummit.eu\/wp-content\/uploads\/2024\/07\/JCL_8241-1536x1022.jpg 1536w, https:\/\/mortarsummit.eu\/wp-content\/uploads\/2024\/07\/JCL_8241-2048x1363.jpg 2048w\" sizes=\"(max-width: 800px) 100vw, 800px\" \/>\t\t\t\t\t\t\t\t\t\t\t\t\t\t\t<\/p>\n<h2>Als Teilnehmer registrieren<\/h2>\n<p>\t\t\t\t\t<a href=\"https:\/\/vivenu.com\/event\/european-mortar-summit-2025-lzf1pa?useEmbed=true\" target=\"_blank\"><br \/>\n\t\t\t\t\t\t\t\t\tTickets kaufen<br \/>\n\t\t\t\t\t<\/a><\/p>\n<h2>Preise (ohne Mehrwertsteuer)<\/h2>\n<table id=\"eael-data-table-43eb45a\">\n<thead>\n<tr>\n<th id=\"\" colspan=\"\">\n\t\t\t\t\t\t\t\t\t\t\t\t\t\t<\/th>\n<th id=\"\" colspan=\"\">\n\t\t\t\t\t\t\t\t\t\t\t\t\t\tEarly Bird<br \/> (bis 28.02.2025)<\/th>\n<th id=\"\" colspan=\"\">\n\t\t\t\t\t\t\t\t\t\t\t\t\t\tStandard<br \/> (bis 31.05.2025)<\/th>\n<th id=\"\" colspan=\"\">\n\t\t\t\t\t\t\t\t\t\t\t\t\t\tSp\u00e4tbucher \/ Vor Ort<br \/>(ab 01.06.2025)<\/th>\n<\/tr>\n<\/thead>\n<tbody>\n<tr>\n<td colspan=\"\" rowspan=\"\" id=\"\">\n\t\t\t\t\t\t\t\t\t\t\t\t\tKomplettes Kongress-Ticket\n\t\t\t\t\t\t\t\t\t\t\t<\/td>\n<td colspan=\"\" rowspan=\"\" id=\"\">\n\t\t\t\t\t\t\t\t\t\t\t\t\t295,00 \u20ac\n\t\t\t\t\t\t\t\t\t\t\t<\/td>\n<td colspan=\"\" rowspan=\"\" id=\"\">\n\t\t\t\t\t\t\t\t\t\t\t\t\t345,00 \u20ac\n\t\t\t\t\t\t\t\t\t\t\t<\/td>\n<td colspan=\"\" rowspan=\"\" id=\"\">\n\t\t\t\t\t\t\t\t\t\t\t\t\t395,00 \u20ac\n\t\t\t\t\t\t\t\t\t\t\t<\/td>\n<\/tr>\n<tr>\n<td colspan=\"\" rowspan=\"\" id=\"\">\n\t\t\t\t\t\t\t\t\t\t\t\t\tNetworking Abendessen Deichgraf\n\t\t\t\t\t\t\t\t\t\t\t<\/td>\n<td colspan=\"\" rowspan=\"\" id=\"\">\n\t\t\t\t\t\t\t\t\t\t\t\t\t125,00 \u20ac\n\t\t\t\t\t\t\t\t\t\t\t<\/td>\n<td colspan=\"\" rowspan=\"\" id=\"\">\n\t\t\t\t\t\t\t\t\t\t\t\t\t145,00 \u20ac\n\t\t\t\t\t\t\t\t\t\t\t<\/td>\n<td colspan=\"\" rowspan=\"\" id=\"\">\n\t\t\t\t\t\t\t\t\t\t\t\t\t165,00 \u20ac\n\t\t\t\t\t\t\t\t\t\t\t<\/td>\n<\/tr>\n<\/tbody>\n<\/table>\n<p><strong>Das vollst\u00e4ndige Kongressticket<\/strong> beinhaltet den Zugang zur Ausstellung, zu den Vortr\u00e4gen, zum Mittagessen und zu den Kaffeepausen.<\/p>\n<p><strong>Networking Dinner Deichgraf<\/strong> beinhaltet den Shuttle vom Hotel Courtyard Seestern zum Veranstaltungsort, ein 3-G\u00e4nge-Men\u00fc und den Shuttle zur\u00fcck zum Hotel Courtyard Seestern.<\/p>\n<p>Im Falle einer Stornierung vor dem 30. April erhalten Sie eine R\u00fcckerstattung von 50 % Ihres gebuchten Tickets. Bei Stornierungen nach dem 30. April erhalten Sie keine R\u00fcckerstattung. Alle Stornierungen m\u00fcssen per E-Mail an <a href=\"mailto:contact@bcf-congress.com\">contact@bcf-congress.com erfolgen.<\/a>  <\/p>\n","protected":false},"excerpt":{"rendered":"<p>Registrierung Registrieren Sie sich jetzt f\u00fcr den European Mortar Summit 2025! Nehmen Sie am European Mortar Summit 2025 teil &#8211; der Pflichtveranstaltung f\u00fcr Fachleute aus der M\u00f6rtel-, Putz- und D\u00e4mmstoffindustrie! Tauschen Sie sich mit Experten aus, entdecken Sie die neuesten Innovationen und bleiben Sie den Branchentrends voraus. Mit aufschlussreichen Keynotes, einem Innovations-Workshop und wertvollen Networking-M\u00f6glichkeiten [&hellip;]<\/p>\n","protected":false},"author":3,"featured_media":0,"parent":0,"menu_order":0,"comment_status":"closed","ping_status":"closed","template":"","meta":{"footnotes":""},"class_list":["post-807","page","type-page","status-publish","hentry"],"yoast_head":"<!-- This site is optimized with the Yoast SEO plugin v27.3 - https:\/\/yoast.com\/product\/yoast-seo-wordpress\/ -->\n<title>Registrierung - European Mortar Summit<\/title>\n<meta name=\"robots\" content=\"index, follow, max-snippet:-1, max-image-preview:large, max-video-preview:-1\" \/>\n<link rel=\"canonical\" href=\"https:\/\/mortarsummit.eu\/de\/registrierung\/\" \/>\n<meta property=\"og:locale\" content=\"de_DE\" \/>\n<meta property=\"og:type\" content=\"article\" \/>\n<meta property=\"og:title\" content=\"Registrierung - European Mortar Summit\" \/>\n<meta property=\"og:description\" content=\"Registrierung Registrieren Sie sich jetzt f\u00fcr den European Mortar Summit 2025! Nehmen Sie am European Mortar Summit 2025 teil &#8211; der Pflichtveranstaltung f\u00fcr Fachleute aus der M\u00f6rtel-, Putz- und D\u00e4mmstoffindustrie! Tauschen Sie sich mit Experten aus, entdecken Sie die neuesten Innovationen und bleiben Sie den Branchentrends voraus. Mit aufschlussreichen Keynotes, einem Innovations-Workshop und wertvollen Networking-M\u00f6glichkeiten [&hellip;]\" \/>\n<meta property=\"og:url\" content=\"https:\/\/mortarsummit.eu\/de\/registrierung\/\" \/>\n<meta property=\"og:site_name\" content=\"European Mortar Summit\" \/>\n<meta property=\"article:modified_time\" content=\"2025-01-13T06:36:03+00:00\" \/>\n<meta property=\"og:image\" content=\"https:\/\/mortarsummit.eu\/wp-content\/uploads\/2024\/07\/JCL_8241-scaled.jpg\" \/>\n\t<meta property=\"og:image:width\" content=\"2560\" \/>\n\t<meta property=\"og:image:height\" content=\"1704\" \/>\n\t<meta property=\"og:image:type\" content=\"image\/jpeg\" \/>\n<meta name=\"twitter:card\" content=\"summary_large_image\" \/>\n<meta name=\"twitter:label1\" content=\"Gesch\u00e4tzte Lesezeit\" \/>\n\t<meta name=\"twitter:data1\" content=\"3\u00a0Minuten\" \/>\n<script type=\"application\/ld+json\" class=\"yoast-schema-graph\">{\"@context\":\"https:\\\/\\\/schema.org\",\"@graph\":[{\"@type\":\"WebPage\",\"@id\":\"https:\\\/\\\/mortarsummit.eu\\\/de\\\/registrierung\\\/\",\"url\":\"https:\\\/\\\/mortarsummit.eu\\\/de\\\/registrierung\\\/\",\"name\":\"Registrierung - European Mortar Summit\",\"isPartOf\":{\"@id\":\"https:\\\/\\\/mortarsummit.eu\\\/de\\\/#website\"},\"primaryImageOfPage\":{\"@id\":\"https:\\\/\\\/mortarsummit.eu\\\/de\\\/registrierung\\\/#primaryimage\"},\"image\":{\"@id\":\"https:\\\/\\\/mortarsummit.eu\\\/de\\\/registrierung\\\/#primaryimage\"},\"thumbnailUrl\":\"https:\\\/\\\/mortarsummit.eu\\\/wp-content\\\/uploads\\\/2024\\\/07\\\/JCL_8241-1024x681.jpg\",\"datePublished\":\"2024-05-03T05:42:55+00:00\",\"dateModified\":\"2025-01-13T06:36:03+00:00\",\"breadcrumb\":{\"@id\":\"https:\\\/\\\/mortarsummit.eu\\\/de\\\/registrierung\\\/#breadcrumb\"},\"inLanguage\":\"de\",\"potentialAction\":[{\"@type\":\"ReadAction\",\"target\":[\"https:\\\/\\\/mortarsummit.eu\\\/de\\\/registrierung\\\/\"]}]},{\"@type\":\"ImageObject\",\"inLanguage\":\"de\",\"@id\":\"https:\\\/\\\/mortarsummit.eu\\\/de\\\/registrierung\\\/#primaryimage\",\"url\":\"https:\\\/\\\/mortarsummit.eu\\\/wp-content\\\/uploads\\\/2024\\\/07\\\/JCL_8241-1024x681.jpg\",\"contentUrl\":\"https:\\\/\\\/mortarsummit.eu\\\/wp-content\\\/uploads\\\/2024\\\/07\\\/JCL_8241-1024x681.jpg\"},{\"@type\":\"BreadcrumbList\",\"@id\":\"https:\\\/\\\/mortarsummit.eu\\\/de\\\/registrierung\\\/#breadcrumb\",\"itemListElement\":[{\"@type\":\"ListItem\",\"position\":1,\"name\":\"Startseite\",\"item\":\"https:\\\/\\\/mortarsummit.eu\\\/de\\\/startseite\\\/\"},{\"@type\":\"ListItem\",\"position\":2,\"name\":\"Registrierung\"}]},{\"@type\":\"WebSite\",\"@id\":\"https:\\\/\\\/mortarsummit.eu\\\/de\\\/#website\",\"url\":\"https:\\\/\\\/mortarsummit.eu\\\/de\\\/\",\"name\":\"European Mortar Summit\",\"description\":\"The congress for the European Mortar Industy\",\"publisher\":{\"@id\":\"https:\\\/\\\/mortarsummit.eu\\\/de\\\/#organization\"},\"potentialAction\":[{\"@type\":\"SearchAction\",\"target\":{\"@type\":\"EntryPoint\",\"urlTemplate\":\"https:\\\/\\\/mortarsummit.eu\\\/de\\\/?s={search_term_string}\"},\"query-input\":{\"@type\":\"PropertyValueSpecification\",\"valueRequired\":true,\"valueName\":\"search_term_string\"}}],\"inLanguage\":\"de\"},{\"@type\":\"Organization\",\"@id\":\"https:\\\/\\\/mortarsummit.eu\\\/de\\\/#organization\",\"name\":\"European Mortar Summit\",\"url\":\"https:\\\/\\\/mortarsummit.eu\\\/de\\\/\",\"logo\":{\"@type\":\"ImageObject\",\"inLanguage\":\"de\",\"@id\":\"https:\\\/\\\/mortarsummit.eu\\\/de\\\/#\\\/schema\\\/logo\\\/image\\\/\",\"url\":\"https:\\\/\\\/mortarsummit.eu\\\/wp-content\\\/uploads\\\/2024\\\/03\\\/cropped-EMO_Summit_logo_schrift_rechts.png\",\"contentUrl\":\"https:\\\/\\\/mortarsummit.eu\\\/wp-content\\\/uploads\\\/2024\\\/03\\\/cropped-EMO_Summit_logo_schrift_rechts.png\",\"width\":793,\"height\":186,\"caption\":\"European Mortar Summit\"},\"image\":{\"@id\":\"https:\\\/\\\/mortarsummit.eu\\\/de\\\/#\\\/schema\\\/logo\\\/image\\\/\"}}]}<\/script>\n<!-- \/ Yoast SEO plugin. -->","yoast_head_json":{"title":"Registrierung - European Mortar Summit","robots":{"index":"index","follow":"follow","max-snippet":"max-snippet:-1","max-image-preview":"max-image-preview:large","max-video-preview":"max-video-preview:-1"},"canonical":"https:\/\/mortarsummit.eu\/de\/registrierung\/","og_locale":"de_DE","og_type":"article","og_title":"Registrierung - European Mortar Summit","og_description":"Registrierung Registrieren Sie sich jetzt f\u00fcr den European Mortar Summit 2025! Nehmen Sie am European Mortar Summit 2025 teil &#8211; der Pflichtveranstaltung f\u00fcr Fachleute aus der M\u00f6rtel-, Putz- und D\u00e4mmstoffindustrie! Tauschen Sie sich mit Experten aus, entdecken Sie die neuesten Innovationen und bleiben Sie den Branchentrends voraus. Mit aufschlussreichen Keynotes, einem Innovations-Workshop und wertvollen Networking-M\u00f6glichkeiten [&hellip;]","og_url":"https:\/\/mortarsummit.eu\/de\/registrierung\/","og_site_name":"European Mortar Summit","article_modified_time":"2025-01-13T06:36:03+00:00","og_image":[{"width":2560,"height":1704,"url":"https:\/\/mortarsummit.eu\/wp-content\/uploads\/2024\/07\/JCL_8241-scaled.jpg","type":"image\/jpeg"}],"twitter_card":"summary_large_image","twitter_misc":{"Gesch\u00e4tzte Lesezeit":"3\u00a0Minuten"},"schema":{"@context":"https:\/\/schema.org","@graph":[{"@type":"WebPage","@id":"https:\/\/mortarsummit.eu\/de\/registrierung\/","url":"https:\/\/mortarsummit.eu\/de\/registrierung\/","name":"Registrierung - European Mortar Summit","isPartOf":{"@id":"https:\/\/mortarsummit.eu\/de\/#website"},"primaryImageOfPage":{"@id":"https:\/\/mortarsummit.eu\/de\/registrierung\/#primaryimage"},"image":{"@id":"https:\/\/mortarsummit.eu\/de\/registrierung\/#primaryimage"},"thumbnailUrl":"https:\/\/mortarsummit.eu\/wp-content\/uploads\/2024\/07\/JCL_8241-1024x681.jpg","datePublished":"2024-05-03T05:42:55+00:00","dateModified":"2025-01-13T06:36:03+00:00","breadcrumb":{"@id":"https:\/\/mortarsummit.eu\/de\/registrierung\/#breadcrumb"},"inLanguage":"de","potentialAction":[{"@type":"ReadAction","target":["https:\/\/mortarsummit.eu\/de\/registrierung\/"]}]},{"@type":"ImageObject","inLanguage":"de","@id":"https:\/\/mortarsummit.eu\/de\/registrierung\/#primaryimage","url":"https:\/\/mortarsummit.eu\/wp-content\/uploads\/2024\/07\/JCL_8241-1024x681.jpg","contentUrl":"https:\/\/mortarsummit.eu\/wp-content\/uploads\/2024\/07\/JCL_8241-1024x681.jpg"},{"@type":"BreadcrumbList","@id":"https:\/\/mortarsummit.eu\/de\/registrierung\/#breadcrumb","itemListElement":[{"@type":"ListItem","position":1,"name":"Startseite","item":"https:\/\/mortarsummit.eu\/de\/startseite\/"},{"@type":"ListItem","position":2,"name":"Registrierung"}]},{"@type":"WebSite","@id":"https:\/\/mortarsummit.eu\/de\/#website","url":"https:\/\/mortarsummit.eu\/de\/","name":"European Mortar Summit","description":"The congress for the European Mortar Industy","publisher":{"@id":"https:\/\/mortarsummit.eu\/de\/#organization"},"potentialAction":[{"@type":"SearchAction","target":{"@type":"EntryPoint","urlTemplate":"https:\/\/mortarsummit.eu\/de\/?s={search_term_string}"},"query-input":{"@type":"PropertyValueSpecification","valueRequired":true,"valueName":"search_term_string"}}],"inLanguage":"de"},{"@type":"Organization","@id":"https:\/\/mortarsummit.eu\/de\/#organization","name":"European Mortar Summit","url":"https:\/\/mortarsummit.eu\/de\/","logo":{"@type":"ImageObject","inLanguage":"de","@id":"https:\/\/mortarsummit.eu\/de\/#\/schema\/logo\/image\/","url":"https:\/\/mortarsummit.eu\/wp-content\/uploads\/2024\/03\/cropped-EMO_Summit_logo_schrift_rechts.png","contentUrl":"https:\/\/mortarsummit.eu\/wp-content\/uploads\/2024\/03\/cropped-EMO_Summit_logo_schrift_rechts.png","width":793,"height":186,"caption":"European Mortar Summit"},"image":{"@id":"https:\/\/mortarsummit.eu\/de\/#\/schema\/logo\/image\/"}}]}},"_links":{"self":[{"href":"https:\/\/mortarsummit.eu\/de\/wp-json\/wp\/v2\/pages\/807","targetHints":{"allow":["GET"]}}],"collection":[{"href":"https:\/\/mortarsummit.eu\/de\/wp-json\/wp\/v2\/pages"}],"about":[{"href":"https:\/\/mortarsummit.eu\/de\/wp-json\/wp\/v2\/types\/page"}],"author":[{"embeddable":true,"href":"https:\/\/mortarsummit.eu\/de\/wp-json\/wp\/v2\/users\/3"}],"replies":[{"embeddable":true,"href":"https:\/\/mortarsummit.eu\/de\/wp-json\/wp\/v2\/comments?post=807"}],"version-history":[{"count":20,"href":"https:\/\/mortarsummit.eu\/de\/wp-json\/wp\/v2\/pages\/807\/revisions"}],"predecessor-version":[{"id":2371,"href":"https:\/\/mortarsummit.eu\/de\/wp-json\/wp\/v2\/pages\/807\/revisions\/2371"}],"wp:attachment":[{"href":"https:\/\/mortarsummit.eu\/de\/wp-json\/wp\/v2\/media?parent=807"}],"curies":[{"name":"wp","href":"https:\/\/api.w.org\/{rel}","templated":true}]}}