{"id":809,"date":"2024-03-25T13:57:32","date_gmt":"2024-03-25T13:57:32","guid":{"rendered":"https:\/\/mortarsummit.eu\/rahmenprogramm\/"},"modified":"2024-12-09T12:15:27","modified_gmt":"2024-12-09T12:15:27","slug":"rahmenprogramm","status":"publish","type":"page","link":"https:\/\/mortarsummit.eu\/de\/rahmenprogramm\/","title":{"rendered":"Rahmenprogramm"},"content":{"rendered":"<h1>Rahmenprogramm<\/h1>\n<p>Nehmen Sie am EMO Networking Dinner im Deichgraf D\u00fcsseldorf teil.<\/p>\n<p>\t\t\t\t\t<a href=\"https:\/\/mortarsummit.eu\/de\/registrierung\/\"><br \/>\n\t\t\t\t\t\t\t\t\tZur Registrierung<br \/>\n\t\t\t\t\t<\/a><br \/>\n\t\t\t\t\t\t\t\t\t\t\t\t\t<img fetchpriority=\"high\" decoding=\"async\" width=\"800\" height=\"533\" src=\"https:\/\/mortarsummit.eu\/wp-content\/uploads\/2024\/09\/deichgraf-1024x682.jpeg\" alt=\"\" srcset=\"https:\/\/mortarsummit.eu\/wp-content\/uploads\/2024\/09\/deichgraf-1024x682.jpeg 1024w, https:\/\/mortarsummit.eu\/wp-content\/uploads\/2024\/09\/deichgraf-300x200.jpeg 300w, https:\/\/mortarsummit.eu\/wp-content\/uploads\/2024\/09\/deichgraf-768x512.jpeg 768w, https:\/\/mortarsummit.eu\/wp-content\/uploads\/2024\/09\/deichgraf-1536x1023.jpeg 1536w, https:\/\/mortarsummit.eu\/wp-content\/uploads\/2024\/09\/deichgraf.jpeg 1600w\" sizes=\"(max-width: 800px) 100vw, 800px\" \/>\t\t\t\t\t\t\t\t\t\t\t\t\t<\/p>\n<h3>Networking-Dinner im Deichgraf<\/h3>\n<p>Ort des Abendessens: Deichgraf (bei Dr. Thompsons)<br \/>\nEmpfang: 19:15<br \/>\nAbendessen: 20:00 &#8211; Buffet<br \/>\nEnde der Veranstaltung: 23:00<br \/>\n<strong>Shuttle-Service:<\/strong><br \/>\nHotel Courtyard by Marriott zum Abendessen Standort &#8222;Deichgraf&#8220;:<br \/>\n18:45 und 19:00<br \/>\n&#8222;Deichgraf&#8220; zur\u00fcck zum Hotel Courtyard by Marriott:<br \/>\n22:30 und 23:00<br \/>\n\t\t\t\t\t\t\t<svg aria-hidden=\"true\" viewBox=\"0 0 1000 1000\" xmlns=\"http:\/\/www.w3.org\/2000\/svg\"><path d=\"M646 125C629 125 613 133 604 142L308 442C296 454 292 471 292 487 292 504 296 521 308 533L604 854C617 867 629 875 646 875 663 875 679 871 692 858 704 846 713 829 713 812 713 796 708 779 692 767L438 487 692 225C700 217 708 204 708 187 708 171 704 154 692 142 675 129 663 125 646 125Z\"><\/path><\/svg>\t\t\t\t\t\t\tPrevious slide<br \/>\n\t\t\t\t\t\t\t<svg aria-hidden=\"true\" viewBox=\"0 0 1000 1000\" xmlns=\"http:\/\/www.w3.org\/2000\/svg\"><path d=\"M696 533C708 521 713 504 713 487 713 471 708 454 696 446L400 146C388 133 375 125 354 125 338 125 325 129 313 142 300 154 292 171 292 187 292 204 296 221 308 233L563 492 304 771C292 783 288 800 288 817 288 833 296 850 308 863 321 871 338 875 354 875 371 875 388 867 400 854L696 533Z\"><\/path><\/svg>\t\t\t\t\t\t\tNext slide<\/p>\n<table id=\"eael-data-table-1a4f99c\">\n<thead>\n<tr>\n<th id=\"\" colspan=\"\">\n\t\t\t\t\t\t\t\t\t\t\t\t\t\t<\/th>\n<th id=\"\" colspan=\"\">\n\t\t\t\t\t\t\t\t\t\t\t\t\t\tEarly Bird<br \/> (bis 28.02.2025)<\/th>\n<th id=\"\" colspan=\"\">\n\t\t\t\t\t\t\t\t\t\t\t\t\t\tStandard<br \/> (bis 31.05.2025)<\/th>\n<th id=\"\" colspan=\"\">\n\t\t\t\t\t\t\t\t\t\t\t\t\t\tSp\u00e4tbucher \/ Vor Ort<br \/>(ab 01.06.2025)<\/th>\n<\/tr>\n<\/thead>\n<tbody>\n<tr>\n<td colspan=\"\" rowspan=\"\" id=\"\">\n\t\t\t\t\t\t\t\t\t\t\t\t\tNetworking Abendessen Deichgraf\n\t\t\t\t\t\t\t\t\t\t\t<\/td>\n<td colspan=\"\" rowspan=\"\" id=\"\">\n\t\t\t\t\t\t\t\t\t\t\t\t\t125,00 \u20ac\n\t\t\t\t\t\t\t\t\t\t\t<\/td>\n<td colspan=\"\" rowspan=\"\" id=\"\">\n\t\t\t\t\t\t\t\t\t\t\t\t\t145,00 \u20ac\n\t\t\t\t\t\t\t\t\t\t\t<\/td>\n<td colspan=\"\" rowspan=\"\" id=\"\">\n\t\t\t\t\t\t\t\t\t\t\t\t\t165,00 \u20ac\n\t\t\t\t\t\t\t\t\t\t\t<\/td>\n<\/tr>\n<\/tbody>\n<\/table>\n<p><strong>Networking Dinner Deichgraf<\/strong> beinhaltet den Shuttle vom Hotel Courtyard Seestern zum Veranstaltungsort, ein 3-G\u00e4nge-Men\u00fc und den Shuttle zur\u00fcck zum Hotel Courtyard Seestern.<\/p>\n<p>Um sich f\u00fcr das Networking Dinner anzumelden, gehen Sie unten auf &#8222;Anmeldung&#8220; und f\u00fcllen Sie das Formular aus.<\/p>\n<p>\t\t\t\t\t<a href=\"https:\/\/mortarsummit.eu\/de\/registrierung\/#form\"><br \/>\n\t\t\t\t\t\t\t\t\tAnmeldung<br \/>\n\t\t\t\t\t<\/a><\/p>\n<h2>Werden Sie noch heute Aussteller!<\/h2>\n<p>Das ist Ihre Chance, vom Early Bird f\u00fcr Aussteller zu profitieren: bis zum 31.01.2025 k\u00f6nnen Sie Ihren Ausstellerstand mit einem Rabatt buchen.<\/p>\n<p>\t\t\t\t\t<a href=\"https:\/\/mortarsummit.eu\/de\/ausstellung\/\"><br \/>\n\t\t\t\t\t\t\t\t\tMehr erfahren<br \/>\n\t\t\t\t\t<\/a><\/p>\n","protected":false},"excerpt":{"rendered":"<p>Rahmenprogramm Nehmen Sie am EMO Networking Dinner im Deichgraf D\u00fcsseldorf teil. Zur Registrierung Networking-Dinner im Deichgraf Ort des Abendessens: Deichgraf (bei Dr. Thompsons) Empfang: 19:15 Abendessen: 20:00 &#8211; Buffet Ende der Veranstaltung: 23:00 Shuttle-Service: Hotel Courtyard by Marriott zum Abendessen Standort &#8222;Deichgraf&#8220;: 18:45 und 19:00 &#8222;Deichgraf&#8220; zur\u00fcck zum Hotel Courtyard by Marriott: 22:30 und 23:00 [&hellip;]<\/p>\n","protected":false},"author":3,"featured_media":0,"parent":0,"menu_order":0,"comment_status":"closed","ping_status":"closed","template":"elementor_header_footer","meta":{"footnotes":""},"class_list":["post-809","page","type-page","status-publish","hentry"],"yoast_head":"<!-- This site is optimized with the Yoast SEO plugin v27.3 - https:\/\/yoast.com\/product\/yoast-seo-wordpress\/ -->\n<title>Rahmenprogramm - European Mortar Summit<\/title>\n<meta name=\"description\" content=\"Das Rahmenprogramm wird in K\u00fcrze ver\u00f6ffentlicht, halten Sie sich also auf dem Laufenden! Die Anmeldung f\u00fcr Teilnehmer wird in K\u00fcrze verf\u00fcgbar sein.\" \/>\n<meta name=\"robots\" content=\"index, follow, max-snippet:-1, max-image-preview:large, max-video-preview:-1\" \/>\n<link rel=\"canonical\" href=\"https:\/\/mortarsummit.eu\/de\/rahmenprogramm\/\" \/>\n<meta property=\"og:locale\" content=\"de_DE\" \/>\n<meta property=\"og:type\" content=\"article\" \/>\n<meta property=\"og:title\" content=\"Rahmenprogramm - European Mortar Summit\" \/>\n<meta property=\"og:description\" content=\"Das Rahmenprogramm wird in K\u00fcrze ver\u00f6ffentlicht, halten Sie sich also auf dem Laufenden! Die Anmeldung f\u00fcr Teilnehmer wird in K\u00fcrze verf\u00fcgbar sein.\" \/>\n<meta property=\"og:url\" content=\"https:\/\/mortarsummit.eu\/de\/rahmenprogramm\/\" \/>\n<meta property=\"og:site_name\" content=\"European Mortar Summit\" \/>\n<meta property=\"article:modified_time\" content=\"2024-12-09T12:15:27+00:00\" \/>\n<meta property=\"og:image\" content=\"https:\/\/mortarsummit.eu\/wp-content\/uploads\/2024\/09\/deichgraf.jpeg\" \/>\n\t<meta property=\"og:image:width\" content=\"1600\" \/>\n\t<meta property=\"og:image:height\" content=\"1066\" \/>\n\t<meta property=\"og:image:type\" content=\"image\/jpeg\" \/>\n<meta name=\"twitter:card\" content=\"summary_large_image\" \/>\n<meta name=\"twitter:label1\" content=\"Gesch\u00e4tzte Lesezeit\" \/>\n\t<meta name=\"twitter:data1\" content=\"2\u00a0Minuten\" \/>\n<script type=\"application\/ld+json\" class=\"yoast-schema-graph\">{\"@context\":\"https:\\\/\\\/schema.org\",\"@graph\":[{\"@type\":\"WebPage\",\"@id\":\"https:\\\/\\\/mortarsummit.eu\\\/de\\\/rahmenprogramm\\\/\",\"url\":\"https:\\\/\\\/mortarsummit.eu\\\/de\\\/rahmenprogramm\\\/\",\"name\":\"Rahmenprogramm - European Mortar Summit\",\"isPartOf\":{\"@id\":\"https:\\\/\\\/mortarsummit.eu\\\/de\\\/#website\"},\"primaryImageOfPage\":{\"@id\":\"https:\\\/\\\/mortarsummit.eu\\\/de\\\/rahmenprogramm\\\/#primaryimage\"},\"image\":{\"@id\":\"https:\\\/\\\/mortarsummit.eu\\\/de\\\/rahmenprogramm\\\/#primaryimage\"},\"thumbnailUrl\":\"https:\\\/\\\/mortarsummit.eu\\\/wp-content\\\/uploads\\\/2024\\\/09\\\/deichgraf-1024x682.jpeg\",\"datePublished\":\"2024-03-25T13:57:32+00:00\",\"dateModified\":\"2024-12-09T12:15:27+00:00\",\"description\":\"Das Rahmenprogramm wird in K\u00fcrze ver\u00f6ffentlicht, halten Sie sich also auf dem Laufenden! Die Anmeldung f\u00fcr Teilnehmer wird in K\u00fcrze verf\u00fcgbar sein.\",\"breadcrumb\":{\"@id\":\"https:\\\/\\\/mortarsummit.eu\\\/de\\\/rahmenprogramm\\\/#breadcrumb\"},\"inLanguage\":\"de\",\"potentialAction\":[{\"@type\":\"ReadAction\",\"target\":[\"https:\\\/\\\/mortarsummit.eu\\\/de\\\/rahmenprogramm\\\/\"]}]},{\"@type\":\"ImageObject\",\"inLanguage\":\"de\",\"@id\":\"https:\\\/\\\/mortarsummit.eu\\\/de\\\/rahmenprogramm\\\/#primaryimage\",\"url\":\"https:\\\/\\\/mortarsummit.eu\\\/wp-content\\\/uploads\\\/2024\\\/09\\\/deichgraf-1024x682.jpeg\",\"contentUrl\":\"https:\\\/\\\/mortarsummit.eu\\\/wp-content\\\/uploads\\\/2024\\\/09\\\/deichgraf-1024x682.jpeg\"},{\"@type\":\"BreadcrumbList\",\"@id\":\"https:\\\/\\\/mortarsummit.eu\\\/de\\\/rahmenprogramm\\\/#breadcrumb\",\"itemListElement\":[{\"@type\":\"ListItem\",\"position\":1,\"name\":\"Startseite\",\"item\":\"https:\\\/\\\/mortarsummit.eu\\\/de\\\/startseite\\\/\"},{\"@type\":\"ListItem\",\"position\":2,\"name\":\"Rahmenprogramm\"}]},{\"@type\":\"WebSite\",\"@id\":\"https:\\\/\\\/mortarsummit.eu\\\/de\\\/#website\",\"url\":\"https:\\\/\\\/mortarsummit.eu\\\/de\\\/\",\"name\":\"European Mortar Summit\",\"description\":\"The congress for the European Mortar Industy\",\"publisher\":{\"@id\":\"https:\\\/\\\/mortarsummit.eu\\\/de\\\/#organization\"},\"potentialAction\":[{\"@type\":\"SearchAction\",\"target\":{\"@type\":\"EntryPoint\",\"urlTemplate\":\"https:\\\/\\\/mortarsummit.eu\\\/de\\\/?s={search_term_string}\"},\"query-input\":{\"@type\":\"PropertyValueSpecification\",\"valueRequired\":true,\"valueName\":\"search_term_string\"}}],\"inLanguage\":\"de\"},{\"@type\":\"Organization\",\"@id\":\"https:\\\/\\\/mortarsummit.eu\\\/de\\\/#organization\",\"name\":\"European Mortar Summit\",\"url\":\"https:\\\/\\\/mortarsummit.eu\\\/de\\\/\",\"logo\":{\"@type\":\"ImageObject\",\"inLanguage\":\"de\",\"@id\":\"https:\\\/\\\/mortarsummit.eu\\\/de\\\/#\\\/schema\\\/logo\\\/image\\\/\",\"url\":\"https:\\\/\\\/mortarsummit.eu\\\/wp-content\\\/uploads\\\/2024\\\/03\\\/cropped-EMO_Summit_logo_schrift_rechts.png\",\"contentUrl\":\"https:\\\/\\\/mortarsummit.eu\\\/wp-content\\\/uploads\\\/2024\\\/03\\\/cropped-EMO_Summit_logo_schrift_rechts.png\",\"width\":793,\"height\":186,\"caption\":\"European Mortar Summit\"},\"image\":{\"@id\":\"https:\\\/\\\/mortarsummit.eu\\\/de\\\/#\\\/schema\\\/logo\\\/image\\\/\"}}]}<\/script>\n<!-- \/ Yoast SEO plugin. -->","yoast_head_json":{"title":"Rahmenprogramm - European Mortar Summit","description":"Das Rahmenprogramm wird in K\u00fcrze ver\u00f6ffentlicht, halten Sie sich also auf dem Laufenden! Die Anmeldung f\u00fcr Teilnehmer wird in K\u00fcrze verf\u00fcgbar sein.","robots":{"index":"index","follow":"follow","max-snippet":"max-snippet:-1","max-image-preview":"max-image-preview:large","max-video-preview":"max-video-preview:-1"},"canonical":"https:\/\/mortarsummit.eu\/de\/rahmenprogramm\/","og_locale":"de_DE","og_type":"article","og_title":"Rahmenprogramm - European Mortar Summit","og_description":"Das Rahmenprogramm wird in K\u00fcrze ver\u00f6ffentlicht, halten Sie sich also auf dem Laufenden! Die Anmeldung f\u00fcr Teilnehmer wird in K\u00fcrze verf\u00fcgbar sein.","og_url":"https:\/\/mortarsummit.eu\/de\/rahmenprogramm\/","og_site_name":"European Mortar Summit","article_modified_time":"2024-12-09T12:15:27+00:00","og_image":[{"width":1600,"height":1066,"url":"https:\/\/mortarsummit.eu\/wp-content\/uploads\/2024\/09\/deichgraf.jpeg","type":"image\/jpeg"}],"twitter_card":"summary_large_image","twitter_misc":{"Gesch\u00e4tzte Lesezeit":"2\u00a0Minuten"},"schema":{"@context":"https:\/\/schema.org","@graph":[{"@type":"WebPage","@id":"https:\/\/mortarsummit.eu\/de\/rahmenprogramm\/","url":"https:\/\/mortarsummit.eu\/de\/rahmenprogramm\/","name":"Rahmenprogramm - European Mortar Summit","isPartOf":{"@id":"https:\/\/mortarsummit.eu\/de\/#website"},"primaryImageOfPage":{"@id":"https:\/\/mortarsummit.eu\/de\/rahmenprogramm\/#primaryimage"},"image":{"@id":"https:\/\/mortarsummit.eu\/de\/rahmenprogramm\/#primaryimage"},"thumbnailUrl":"https:\/\/mortarsummit.eu\/wp-content\/uploads\/2024\/09\/deichgraf-1024x682.jpeg","datePublished":"2024-03-25T13:57:32+00:00","dateModified":"2024-12-09T12:15:27+00:00","description":"Das Rahmenprogramm wird in K\u00fcrze ver\u00f6ffentlicht, halten Sie sich also auf dem Laufenden! Die Anmeldung f\u00fcr Teilnehmer wird in K\u00fcrze verf\u00fcgbar sein.","breadcrumb":{"@id":"https:\/\/mortarsummit.eu\/de\/rahmenprogramm\/#breadcrumb"},"inLanguage":"de","potentialAction":[{"@type":"ReadAction","target":["https:\/\/mortarsummit.eu\/de\/rahmenprogramm\/"]}]},{"@type":"ImageObject","inLanguage":"de","@id":"https:\/\/mortarsummit.eu\/de\/rahmenprogramm\/#primaryimage","url":"https:\/\/mortarsummit.eu\/wp-content\/uploads\/2024\/09\/deichgraf-1024x682.jpeg","contentUrl":"https:\/\/mortarsummit.eu\/wp-content\/uploads\/2024\/09\/deichgraf-1024x682.jpeg"},{"@type":"BreadcrumbList","@id":"https:\/\/mortarsummit.eu\/de\/rahmenprogramm\/#breadcrumb","itemListElement":[{"@type":"ListItem","position":1,"name":"Startseite","item":"https:\/\/mortarsummit.eu\/de\/startseite\/"},{"@type":"ListItem","position":2,"name":"Rahmenprogramm"}]},{"@type":"WebSite","@id":"https:\/\/mortarsummit.eu\/de\/#website","url":"https:\/\/mortarsummit.eu\/de\/","name":"European Mortar Summit","description":"The congress for the European Mortar Industy","publisher":{"@id":"https:\/\/mortarsummit.eu\/de\/#organization"},"potentialAction":[{"@type":"SearchAction","target":{"@type":"EntryPoint","urlTemplate":"https:\/\/mortarsummit.eu\/de\/?s={search_term_string}"},"query-input":{"@type":"PropertyValueSpecification","valueRequired":true,"valueName":"search_term_string"}}],"inLanguage":"de"},{"@type":"Organization","@id":"https:\/\/mortarsummit.eu\/de\/#organization","name":"European Mortar Summit","url":"https:\/\/mortarsummit.eu\/de\/","logo":{"@type":"ImageObject","inLanguage":"de","@id":"https:\/\/mortarsummit.eu\/de\/#\/schema\/logo\/image\/","url":"https:\/\/mortarsummit.eu\/wp-content\/uploads\/2024\/03\/cropped-EMO_Summit_logo_schrift_rechts.png","contentUrl":"https:\/\/mortarsummit.eu\/wp-content\/uploads\/2024\/03\/cropped-EMO_Summit_logo_schrift_rechts.png","width":793,"height":186,"caption":"European Mortar Summit"},"image":{"@id":"https:\/\/mortarsummit.eu\/de\/#\/schema\/logo\/image\/"}}]}},"_links":{"self":[{"href":"https:\/\/mortarsummit.eu\/de\/wp-json\/wp\/v2\/pages\/809","targetHints":{"allow":["GET"]}}],"collection":[{"href":"https:\/\/mortarsummit.eu\/de\/wp-json\/wp\/v2\/pages"}],"about":[{"href":"https:\/\/mortarsummit.eu\/de\/wp-json\/wp\/v2\/types\/page"}],"author":[{"embeddable":true,"href":"https:\/\/mortarsummit.eu\/de\/wp-json\/wp\/v2\/users\/3"}],"replies":[{"embeddable":true,"href":"https:\/\/mortarsummit.eu\/de\/wp-json\/wp\/v2\/comments?post=809"}],"version-history":[{"count":12,"href":"https:\/\/mortarsummit.eu\/de\/wp-json\/wp\/v2\/pages\/809\/revisions"}],"predecessor-version":[{"id":2244,"href":"https:\/\/mortarsummit.eu\/de\/wp-json\/wp\/v2\/pages\/809\/revisions\/2244"}],"wp:attachment":[{"href":"https:\/\/mortarsummit.eu\/de\/wp-json\/wp\/v2\/media?parent=809"}],"curies":[{"name":"wp","href":"https:\/\/api.w.org\/{rel}","templated":true}]}}