{"id":877,"date":"2024-05-03T05:42:55","date_gmt":"2024-05-03T05:42:55","guid":{"rendered":"https:\/\/mortarsummit.eu\/inscripcion\/"},"modified":"2025-01-13T06:36:50","modified_gmt":"2025-01-13T06:36:50","slug":"inscripcion","status":"publish","type":"page","link":"https:\/\/mortarsummit.eu\/es\/inscripcion\/","title":{"rendered":"Inscripci\u00f3n"},"content":{"rendered":"<h1>Inscripci\u00f3n<\/h1>\n<h3>\u00a1Inscr\u00edbete ya en la Cumbre Europea del Mortero 2025!<\/h3>\n<p>\u00danete a nosotros en la <strong>Cumbre Europea del Mortero 2025, la<\/strong>cita ineludible para los profesionales de la <strong>industria del mortero, el yeso y el aislamiento<\/strong>. Relaci\u00f3nate con expertos, descubre las \u00faltimas innovaciones y adel\u00e1ntate a las tendencias del sector. Con conferencias magistrales, un Taller de Innovaci\u00f3n y valiosas oportunidades para establecer contactos, esta cumbre es tu oportunidad para conectar, aprender e influir en el futuro de la tecnolog\u00eda de los morteros. \u00a1Reg\u00edstrate ahora y forma parte de la conversaci\u00f3n!<\/p>\n<p>\t\t\t\t\t\t\t\t\t\t\t\t\t\t\t<img fetchpriority=\"high\" decoding=\"async\" width=\"800\" height=\"532\" src=\"https:\/\/mortarsummit.eu\/wp-content\/uploads\/2024\/07\/JCL_8241-1024x681.jpg\" alt=\"\" srcset=\"https:\/\/mortarsummit.eu\/wp-content\/uploads\/2024\/07\/JCL_8241-1024x681.jpg 1024w, https:\/\/mortarsummit.eu\/wp-content\/uploads\/2024\/07\/JCL_8241-300x200.jpg 300w, https:\/\/mortarsummit.eu\/wp-content\/uploads\/2024\/07\/JCL_8241-768x511.jpg 768w, https:\/\/mortarsummit.eu\/wp-content\/uploads\/2024\/07\/JCL_8241-1536x1022.jpg 1536w, https:\/\/mortarsummit.eu\/wp-content\/uploads\/2024\/07\/JCL_8241-2048x1363.jpg 2048w\" sizes=\"(max-width: 800px) 100vw, 800px\" \/>\t\t\t\t\t\t\t\t\t\t\t\t\t\t\t<\/p>\n<h2>Registrarse como participante<\/h2>\n<p>\t\t\t\t\t<a href=\"https:\/\/vivenu.com\/event\/european-mortar-summit-2025-lzf1pa?useEmbed=true\" target=\"_blank\"><br \/>\n\t\t\t\t\t\t\t\t\tComprar entradas<br \/>\n\t\t\t\t\t<\/a><\/p>\n<h2>Precios (sin IVA)<\/h2>\n<table id=\"eael-data-table-43eb45a\">\n<thead>\n<tr>\n<th id=\"\" colspan=\"\">\n\t\t\t\t\t\t\t\t\t\t\t\t\t\t<\/th>\n<th id=\"\" colspan=\"\">\n\t\t\t\t\t\t\t\t\t\t\t\t\t\tReserva anticipada<br \/> (hasta el 28.02.2025)<\/th>\n<th id=\"\" colspan=\"\">\n\t\t\t\t\t\t\t\t\t\t\t\t\t\tEst\u00e1ndar<br \/> (hasta el 31.05.2025)<\/th>\n<th id=\"\" colspan=\"\">\n\t\t\t\t\t\t\t\t\t\t\t\t\t\tTarde \/ in situ<br \/> (a partir del 01.06.2025)<\/th>\n<\/tr>\n<\/thead>\n<tbody>\n<tr>\n<td colspan=\"\" rowspan=\"\" id=\"\">\n\t\t\t\t\t\t\t\t\t\t\t\t\tBillete completo para el Congreso\n\t\t\t\t\t\t\t\t\t\t\t<\/td>\n<td colspan=\"\" rowspan=\"\" id=\"\">\n\t\t\t\t\t\t\t\t\t\t\t\t\t295,00 \u20ac\n\t\t\t\t\t\t\t\t\t\t\t<\/td>\n<td colspan=\"\" rowspan=\"\" id=\"\">\n\t\t\t\t\t\t\t\t\t\t\t\t\t345,00 \u20ac\n\t\t\t\t\t\t\t\t\t\t\t<\/td>\n<td colspan=\"\" rowspan=\"\" id=\"\">\n\t\t\t\t\t\t\t\t\t\t\t\t\t395,00 \u20ac\n\t\t\t\t\t\t\t\t\t\t\t<\/td>\n<\/tr>\n<tr>\n<td colspan=\"\" rowspan=\"\" id=\"\">\n\t\t\t\t\t\t\t\t\t\t\t\t\tCena de trabajo en red Deichgraf\n\t\t\t\t\t\t\t\t\t\t\t<\/td>\n<td colspan=\"\" rowspan=\"\" id=\"\">\n\t\t\t\t\t\t\t\t\t\t\t\t\t125,00 \u20ac\n\t\t\t\t\t\t\t\t\t\t\t<\/td>\n<td colspan=\"\" rowspan=\"\" id=\"\">\n\t\t\t\t\t\t\t\t\t\t\t\t\t145,00 \u20ac\n\t\t\t\t\t\t\t\t\t\t\t<\/td>\n<td colspan=\"\" rowspan=\"\" id=\"\">\n\t\t\t\t\t\t\t\t\t\t\t\t\t165,00 \u20ac\n\t\t\t\t\t\t\t\t\t\t\t<\/td>\n<\/tr>\n<\/tbody>\n<\/table>\n<p><strong>La entrada completa al Congreso<\/strong> incluye el acceso a la exposici\u00f3n, las conferencias, el almuerzo y las pausas para el caf\u00e9.<\/p>\n<p>La <strong>Cena de Networking Deichgraf<\/strong> incluye transporte del Hotel Courtyard Seestern al lugar de celebraci\u00f3n, men\u00fa de 3 platos, transporte de vuelta al Hotel Courtyard Seestern.<\/p>\n<p>En caso de cancelaci\u00f3n antes del 30 de abril, recibir\u00e1s un reembolso del 50% del billete reservado. Las cancelaciones posteriores al 30 de abril no tendr\u00e1n derecho a reembolso. Todas las cancelaciones deben hacerse por correo a <a href=\"mailto:contact@bcf-congress.com\">contact@bcf-congress.com.<\/a><\/p>\n","protected":false},"excerpt":{"rendered":"<p>Inscripci\u00f3n \u00a1Inscr\u00edbete ya en la Cumbre Europea del Mortero 2025! \u00danete a nosotros en la Cumbre Europea del Mortero 2025, lacita ineludible para los profesionales de la industria del mortero, el yeso y el aislamiento. Relaci\u00f3nate con expertos, descubre las \u00faltimas innovaciones y adel\u00e1ntate a las tendencias del sector. Con conferencias magistrales, un Taller de [&hellip;]<\/p>\n","protected":false},"author":3,"featured_media":0,"parent":0,"menu_order":0,"comment_status":"closed","ping_status":"closed","template":"","meta":{"footnotes":""},"class_list":["post-877","page","type-page","status-publish","hentry"],"yoast_head":"<!-- This site is optimized with the Yoast SEO plugin v27.3 - https:\/\/yoast.com\/product\/yoast-seo-wordpress\/ -->\n<title>Inscripci\u00f3n - European Mortar Summit<\/title>\n<meta name=\"robots\" content=\"index, follow, max-snippet:-1, max-image-preview:large, max-video-preview:-1\" \/>\n<link rel=\"canonical\" href=\"https:\/\/mortarsummit.eu\/es\/inscripcion\/\" \/>\n<meta property=\"og:locale\" content=\"es_ES\" \/>\n<meta property=\"og:type\" content=\"article\" \/>\n<meta property=\"og:title\" content=\"Inscripci\u00f3n - European Mortar Summit\" \/>\n<meta property=\"og:description\" content=\"Inscripci\u00f3n \u00a1Inscr\u00edbete ya en la Cumbre Europea del Mortero 2025! \u00danete a nosotros en la Cumbre Europea del Mortero 2025, lacita ineludible para los profesionales de la industria del mortero, el yeso y el aislamiento. Relaci\u00f3nate con expertos, descubre las \u00faltimas innovaciones y adel\u00e1ntate a las tendencias del sector. Con conferencias magistrales, un Taller de [&hellip;]\" \/>\n<meta property=\"og:url\" content=\"https:\/\/mortarsummit.eu\/es\/inscripcion\/\" \/>\n<meta property=\"og:site_name\" content=\"European Mortar Summit\" \/>\n<meta property=\"article:modified_time\" content=\"2025-01-13T06:36:50+00:00\" \/>\n<meta property=\"og:image\" content=\"https:\/\/mortarsummit.eu\/wp-content\/uploads\/2024\/07\/JCL_8241-scaled.jpg\" \/>\n\t<meta property=\"og:image:width\" content=\"2560\" \/>\n\t<meta property=\"og:image:height\" content=\"1704\" \/>\n\t<meta property=\"og:image:type\" content=\"image\/jpeg\" \/>\n<meta name=\"twitter:card\" content=\"summary_large_image\" \/>\n<meta name=\"twitter:label1\" content=\"Tiempo de lectura\" \/>\n\t<meta name=\"twitter:data1\" content=\"3 minutos\" \/>\n<script type=\"application\/ld+json\" class=\"yoast-schema-graph\">{\"@context\":\"https:\\\/\\\/schema.org\",\"@graph\":[{\"@type\":\"WebPage\",\"@id\":\"https:\\\/\\\/mortarsummit.eu\\\/es\\\/inscripcion\\\/\",\"url\":\"https:\\\/\\\/mortarsummit.eu\\\/es\\\/inscripcion\\\/\",\"name\":\"Inscripci\u00f3n - European Mortar Summit\",\"isPartOf\":{\"@id\":\"https:\\\/\\\/mortarsummit.eu\\\/es\\\/#website\"},\"primaryImageOfPage\":{\"@id\":\"https:\\\/\\\/mortarsummit.eu\\\/es\\\/inscripcion\\\/#primaryimage\"},\"image\":{\"@id\":\"https:\\\/\\\/mortarsummit.eu\\\/es\\\/inscripcion\\\/#primaryimage\"},\"thumbnailUrl\":\"https:\\\/\\\/mortarsummit.eu\\\/wp-content\\\/uploads\\\/2024\\\/07\\\/JCL_8241-1024x681.jpg\",\"datePublished\":\"2024-05-03T05:42:55+00:00\",\"dateModified\":\"2025-01-13T06:36:50+00:00\",\"breadcrumb\":{\"@id\":\"https:\\\/\\\/mortarsummit.eu\\\/es\\\/inscripcion\\\/#breadcrumb\"},\"inLanguage\":\"es\",\"potentialAction\":[{\"@type\":\"ReadAction\",\"target\":[\"https:\\\/\\\/mortarsummit.eu\\\/es\\\/inscripcion\\\/\"]}]},{\"@type\":\"ImageObject\",\"inLanguage\":\"es\",\"@id\":\"https:\\\/\\\/mortarsummit.eu\\\/es\\\/inscripcion\\\/#primaryimage\",\"url\":\"https:\\\/\\\/mortarsummit.eu\\\/wp-content\\\/uploads\\\/2024\\\/07\\\/JCL_8241-1024x681.jpg\",\"contentUrl\":\"https:\\\/\\\/mortarsummit.eu\\\/wp-content\\\/uploads\\\/2024\\\/07\\\/JCL_8241-1024x681.jpg\"},{\"@type\":\"BreadcrumbList\",\"@id\":\"https:\\\/\\\/mortarsummit.eu\\\/es\\\/inscripcion\\\/#breadcrumb\",\"itemListElement\":[{\"@type\":\"ListItem\",\"position\":1,\"name\":\"Startseite\",\"item\":\"https:\\\/\\\/mortarsummit.eu\\\/es\\\/inicio\\\/\"},{\"@type\":\"ListItem\",\"position\":2,\"name\":\"Inscripci\u00f3n\"}]},{\"@type\":\"WebSite\",\"@id\":\"https:\\\/\\\/mortarsummit.eu\\\/es\\\/#website\",\"url\":\"https:\\\/\\\/mortarsummit.eu\\\/es\\\/\",\"name\":\"European Mortar Summit\",\"description\":\"The congress for the European Mortar Industy\",\"publisher\":{\"@id\":\"https:\\\/\\\/mortarsummit.eu\\\/es\\\/#organization\"},\"potentialAction\":[{\"@type\":\"SearchAction\",\"target\":{\"@type\":\"EntryPoint\",\"urlTemplate\":\"https:\\\/\\\/mortarsummit.eu\\\/es\\\/?s={search_term_string}\"},\"query-input\":{\"@type\":\"PropertyValueSpecification\",\"valueRequired\":true,\"valueName\":\"search_term_string\"}}],\"inLanguage\":\"es\"},{\"@type\":\"Organization\",\"@id\":\"https:\\\/\\\/mortarsummit.eu\\\/es\\\/#organization\",\"name\":\"European Mortar Summit\",\"url\":\"https:\\\/\\\/mortarsummit.eu\\\/es\\\/\",\"logo\":{\"@type\":\"ImageObject\",\"inLanguage\":\"es\",\"@id\":\"https:\\\/\\\/mortarsummit.eu\\\/es\\\/#\\\/schema\\\/logo\\\/image\\\/\",\"url\":\"https:\\\/\\\/mortarsummit.eu\\\/wp-content\\\/uploads\\\/2024\\\/03\\\/cropped-EMO_Summit_logo_schrift_rechts.png\",\"contentUrl\":\"https:\\\/\\\/mortarsummit.eu\\\/wp-content\\\/uploads\\\/2024\\\/03\\\/cropped-EMO_Summit_logo_schrift_rechts.png\",\"width\":793,\"height\":186,\"caption\":\"European Mortar Summit\"},\"image\":{\"@id\":\"https:\\\/\\\/mortarsummit.eu\\\/es\\\/#\\\/schema\\\/logo\\\/image\\\/\"}}]}<\/script>\n<!-- \/ Yoast SEO plugin. -->","yoast_head_json":{"title":"Inscripci\u00f3n - European Mortar Summit","robots":{"index":"index","follow":"follow","max-snippet":"max-snippet:-1","max-image-preview":"max-image-preview:large","max-video-preview":"max-video-preview:-1"},"canonical":"https:\/\/mortarsummit.eu\/es\/inscripcion\/","og_locale":"es_ES","og_type":"article","og_title":"Inscripci\u00f3n - European Mortar Summit","og_description":"Inscripci\u00f3n \u00a1Inscr\u00edbete ya en la Cumbre Europea del Mortero 2025! \u00danete a nosotros en la Cumbre Europea del Mortero 2025, lacita ineludible para los profesionales de la industria del mortero, el yeso y el aislamiento. Relaci\u00f3nate con expertos, descubre las \u00faltimas innovaciones y adel\u00e1ntate a las tendencias del sector. Con conferencias magistrales, un Taller de [&hellip;]","og_url":"https:\/\/mortarsummit.eu\/es\/inscripcion\/","og_site_name":"European Mortar Summit","article_modified_time":"2025-01-13T06:36:50+00:00","og_image":[{"width":2560,"height":1704,"url":"https:\/\/mortarsummit.eu\/wp-content\/uploads\/2024\/07\/JCL_8241-scaled.jpg","type":"image\/jpeg"}],"twitter_card":"summary_large_image","twitter_misc":{"Tiempo de lectura":"3 minutos"},"schema":{"@context":"https:\/\/schema.org","@graph":[{"@type":"WebPage","@id":"https:\/\/mortarsummit.eu\/es\/inscripcion\/","url":"https:\/\/mortarsummit.eu\/es\/inscripcion\/","name":"Inscripci\u00f3n - European Mortar Summit","isPartOf":{"@id":"https:\/\/mortarsummit.eu\/es\/#website"},"primaryImageOfPage":{"@id":"https:\/\/mortarsummit.eu\/es\/inscripcion\/#primaryimage"},"image":{"@id":"https:\/\/mortarsummit.eu\/es\/inscripcion\/#primaryimage"},"thumbnailUrl":"https:\/\/mortarsummit.eu\/wp-content\/uploads\/2024\/07\/JCL_8241-1024x681.jpg","datePublished":"2024-05-03T05:42:55+00:00","dateModified":"2025-01-13T06:36:50+00:00","breadcrumb":{"@id":"https:\/\/mortarsummit.eu\/es\/inscripcion\/#breadcrumb"},"inLanguage":"es","potentialAction":[{"@type":"ReadAction","target":["https:\/\/mortarsummit.eu\/es\/inscripcion\/"]}]},{"@type":"ImageObject","inLanguage":"es","@id":"https:\/\/mortarsummit.eu\/es\/inscripcion\/#primaryimage","url":"https:\/\/mortarsummit.eu\/wp-content\/uploads\/2024\/07\/JCL_8241-1024x681.jpg","contentUrl":"https:\/\/mortarsummit.eu\/wp-content\/uploads\/2024\/07\/JCL_8241-1024x681.jpg"},{"@type":"BreadcrumbList","@id":"https:\/\/mortarsummit.eu\/es\/inscripcion\/#breadcrumb","itemListElement":[{"@type":"ListItem","position":1,"name":"Startseite","item":"https:\/\/mortarsummit.eu\/es\/inicio\/"},{"@type":"ListItem","position":2,"name":"Inscripci\u00f3n"}]},{"@type":"WebSite","@id":"https:\/\/mortarsummit.eu\/es\/#website","url":"https:\/\/mortarsummit.eu\/es\/","name":"European Mortar Summit","description":"The congress for the European Mortar Industy","publisher":{"@id":"https:\/\/mortarsummit.eu\/es\/#organization"},"potentialAction":[{"@type":"SearchAction","target":{"@type":"EntryPoint","urlTemplate":"https:\/\/mortarsummit.eu\/es\/?s={search_term_string}"},"query-input":{"@type":"PropertyValueSpecification","valueRequired":true,"valueName":"search_term_string"}}],"inLanguage":"es"},{"@type":"Organization","@id":"https:\/\/mortarsummit.eu\/es\/#organization","name":"European Mortar Summit","url":"https:\/\/mortarsummit.eu\/es\/","logo":{"@type":"ImageObject","inLanguage":"es","@id":"https:\/\/mortarsummit.eu\/es\/#\/schema\/logo\/image\/","url":"https:\/\/mortarsummit.eu\/wp-content\/uploads\/2024\/03\/cropped-EMO_Summit_logo_schrift_rechts.png","contentUrl":"https:\/\/mortarsummit.eu\/wp-content\/uploads\/2024\/03\/cropped-EMO_Summit_logo_schrift_rechts.png","width":793,"height":186,"caption":"European Mortar Summit"},"image":{"@id":"https:\/\/mortarsummit.eu\/es\/#\/schema\/logo\/image\/"}}]}},"_links":{"self":[{"href":"https:\/\/mortarsummit.eu\/es\/wp-json\/wp\/v2\/pages\/877","targetHints":{"allow":["GET"]}}],"collection":[{"href":"https:\/\/mortarsummit.eu\/es\/wp-json\/wp\/v2\/pages"}],"about":[{"href":"https:\/\/mortarsummit.eu\/es\/wp-json\/wp\/v2\/types\/page"}],"author":[{"embeddable":true,"href":"https:\/\/mortarsummit.eu\/es\/wp-json\/wp\/v2\/users\/3"}],"replies":[{"embeddable":true,"href":"https:\/\/mortarsummit.eu\/es\/wp-json\/wp\/v2\/comments?post=877"}],"version-history":[{"count":10,"href":"https:\/\/mortarsummit.eu\/es\/wp-json\/wp\/v2\/pages\/877\/revisions"}],"predecessor-version":[{"id":2372,"href":"https:\/\/mortarsummit.eu\/es\/wp-json\/wp\/v2\/pages\/877\/revisions\/2372"}],"wp:attachment":[{"href":"https:\/\/mortarsummit.eu\/es\/wp-json\/wp\/v2\/media?parent=877"}],"curies":[{"name":"wp","href":"https:\/\/api.w.org\/{rel}","templated":true}]}}