{"id":924,"date":"2024-03-26T14:00:19","date_gmt":"2024-03-26T14:00:19","guid":{"rendered":"https:\/\/mortarsummit.eu\/impression\/"},"modified":"2024-05-27T08:40:44","modified_gmt":"2024-05-27T08:40:44","slug":"impression","status":"publish","type":"page","link":"https:\/\/mortarsummit.eu\/fr\/impression\/","title":{"rendered":"Impression"},"content":{"rendered":"\t\t<div data-elementor-type=\"wp-page\" data-elementor-id=\"924\" class=\"elementor elementor-924 elementor-436\" data-elementor-post-type=\"page\">\n\t\t\t\t<div class=\"elementor-element elementor-element-0403e93 e-flex e-con-boxed e-con e-parent\" data-id=\"0403e93\" data-element_type=\"container\" data-e-type=\"container\" data-settings=\"{&quot;background_background&quot;:&quot;classic&quot;}\">\n\t\t\t\t\t<div class=\"e-con-inner\">\n\t\t<div class=\"elementor-element elementor-element-38cbee4 e-con-full e-flex e-con e-child\" data-id=\"38cbee4\" data-element_type=\"container\" data-e-type=\"container\">\n\t\t\t\t<div class=\"elementor-element elementor-element-281ec42 elementor-invisible elementor-widget elementor-widget-heading\" data-id=\"281ec42\" data-element_type=\"widget\" data-e-type=\"widget\" data-settings=\"{&quot;_animation&quot;:&quot;fadeIn&quot;}\" data-widget_type=\"heading.default\">\n\t\t\t\t<div class=\"elementor-widget-container\">\n\t\t\t\t\t<h1 class=\"elementor-heading-title elementor-size-default\">Impression<\/h1>\t\t\t\t<\/div>\n\t\t\t\t<\/div>\n\t\t\t\t<\/div>\n\t\t\t\t\t<\/div>\n\t\t\t\t<\/div>\n\t\t<div class=\"elementor-element elementor-element-1a3c83a e-flex e-con-boxed e-con e-parent\" data-id=\"1a3c83a\" data-element_type=\"container\" data-e-type=\"container\">\n\t\t\t\t\t<div class=\"e-con-inner\">\n\t\t\t\t<div class=\"elementor-element elementor-element-f235d41 elementor-widget elementor-widget-text-editor\" data-id=\"f235d41\" data-element_type=\"widget\" data-e-type=\"widget\" data-widget_type=\"text-editor.default\">\n\t\t\t\t<div class=\"elementor-widget-container\">\n\t\t\t\t\t\t\t\t\t<div class=\"elementor-element elementor-element-b448fc6 elementor-widget elementor-widget-heading\" data-id=\"b448fc6\" data-element_type=\"widget\" data-widget_type=\"heading.default\">\n<div class=\"elementor-widget-container\">\n<h2 class=\"elementor-heading-title elementor-size-default\">Organisateur : BCF<\/h2>\n<\/div>\n<\/div>\n<div class=\"elementor-element elementor-element-629dced elementor-widget elementor-widget-text-editor\" data-id=\"629dced\" data-element_type=\"widget\" data-widget_type=\"text-editor.default\">\n<div class=\"elementor-widget-container\">\n<h3>BCF &#8211; Building Congress Forum GmbH<\/h3>\n<p>Gerhard-Koch-Str. 2 + 4, 73760 Ostfildern-D<\/p>\n<p>T\u00e9l\u00e9phone :&nbsp;<a href=\"tel:+4971132732323\">+49 711 32732-323<\/a><br>Fax : 0711 32732-350<br>E-Mail :&nbsp;<a href=\"mailto:contact@bcf-congress.com\">contact@bcf-congress.com<\/a><\/p>\n<p>BCF &#8211; Building Congress Forum GmbH<br>Registergericht Stuttgart HRB 771952<\/p>\n<p>Gesch\u00e4ftsf\u00fchrung \/ CEOs : Ulrich Lotz, Michael Voss<\/p>\n<p>USt-IdNr : DE327495156<\/p>\n<\/div>\n<\/div>\t\t\t\t\t\t\t\t<\/div>\n\t\t\t\t<\/div>\n\t\t\t\t<div class=\"elementor-element elementor-element-67d7cc2 elementor-widget elementor-widget-text-editor\" data-id=\"67d7cc2\" data-element_type=\"widget\" data-e-type=\"widget\" data-widget_type=\"text-editor.default\">\n\t\t\t\t<div class=\"elementor-widget-container\">\n\t\t\t\t\t\t\t\t\t<div data-id=\"b448fc6\" data-element_type=\"widget\" data-widget_type=\"heading.default\">\n<div data-id=\"8b25178\" data-element_type=\"widget\" data-widget_type=\"heading.default\">\n<div>\n<h2>H\u00f4te | EMO<\/h2>\n<\/div>\n<\/div>\n<div data-id=\"5495379\" data-element_type=\"widget\" data-widget_type=\"text-editor.default\">\n<h3>Organisation europ\u00e9enne de l&rsquo;industrie du mortier<\/h3>\n<p>Boulevard du Souverain 68<br \/>Bo\u00eete 1<br \/>1170 Bruxelles, Belgique<\/p>\n<p>Secr\u00e9taire g\u00e9n\u00e9ral :<br \/>Antonio Caballero Gonz\u00e1lez<br \/>T\u00e9l\u00e9phone : +49 (2408) 599 6207 <a href=\"tel:+4920(2408)2%20(2408)%\">+49 (2408) 599 6207<\/a><br \/>Fax : +49 (2408) 599 6208<br \/>Courriel : <a href=\"mailto:antonio.caballero@euromortar.com\">antonio.caballero@euromortar.com<\/a><\/p>\n<p>Pr\u00e9sident :<br \/>Sebastian L. M. Huysmans<\/p>\n<p>Vice-pr\u00e9sident :<br \/>Niklas Sievert<\/p>\n<\/div>\n<\/div>\n\t\t\t\t\t\t\t\t<\/div>\n\t\t\t\t<\/div>\n\t\t\t\t\t<\/div>\n\t\t\t\t<\/div>\n\t\t\t\t<\/div>\n\t\t","protected":false},"excerpt":{"rendered":"<p>Impression Organisateur : BCF BCF &#8211; Building Congress Forum GmbH Gerhard-Koch-Str. 2 + 4, 73760 Ostfildern-D T\u00e9l\u00e9phone :&nbsp;+49 711 32732-323Fax : 0711 32732-350E-Mail :&nbsp;contact@bcf-congress.com BCF &#8211; Building Congress Forum GmbHRegistergericht Stuttgart HRB 771952 Gesch\u00e4ftsf\u00fchrung \/ CEOs : Ulrich Lotz, Michael Voss USt-IdNr : DE327495156 H\u00f4te | EMO Organisation europ\u00e9enne de l&rsquo;industrie du mortier Boulevard du [&hellip;]<\/p>\n","protected":false},"author":3,"featured_media":0,"parent":0,"menu_order":0,"comment_status":"closed","ping_status":"closed","template":"","meta":{"footnotes":""},"class_list":["post-924","page","type-page","status-publish","hentry"],"yoast_head":"<!-- This site is optimized with the Yoast SEO plugin v27.3 - https:\/\/yoast.com\/product\/yoast-seo-wordpress\/ -->\n<title>Impression - European Mortar Summit<\/title>\n<meta name=\"description\" content=\"Organisateur : BCF - Building Congress Forum GmbH, Gerhard-Koch-Str. 2 + 4, 73760 Ostfildern-D\" \/>\n<meta name=\"robots\" content=\"index, follow, max-snippet:-1, max-image-preview:large, max-video-preview:-1\" \/>\n<link rel=\"canonical\" href=\"https:\/\/mortarsummit.eu\/fr\/impression\/\" \/>\n<meta property=\"og:locale\" content=\"fr_FR\" \/>\n<meta property=\"og:type\" content=\"article\" \/>\n<meta property=\"og:title\" content=\"Impression - European Mortar Summit\" \/>\n<meta property=\"og:description\" content=\"Organisateur : BCF - Building Congress Forum GmbH, Gerhard-Koch-Str. 2 + 4, 73760 Ostfildern-D\" \/>\n<meta property=\"og:url\" content=\"https:\/\/mortarsummit.eu\/fr\/impression\/\" \/>\n<meta property=\"og:site_name\" content=\"European Mortar Summit\" \/>\n<meta property=\"article:modified_time\" content=\"2024-05-27T08:40:44+00:00\" \/>\n<meta name=\"twitter:card\" content=\"summary_large_image\" \/>\n<script type=\"application\/ld+json\" class=\"yoast-schema-graph\">{\"@context\":\"https:\\\/\\\/schema.org\",\"@graph\":[{\"@type\":\"WebPage\",\"@id\":\"https:\\\/\\\/mortarsummit.eu\\\/fr\\\/impression\\\/\",\"url\":\"https:\\\/\\\/mortarsummit.eu\\\/fr\\\/impression\\\/\",\"name\":\"Impression - European Mortar Summit\",\"isPartOf\":{\"@id\":\"https:\\\/\\\/mortarsummit.eu\\\/fr\\\/#website\"},\"datePublished\":\"2024-03-26T14:00:19+00:00\",\"dateModified\":\"2024-05-27T08:40:44+00:00\",\"description\":\"Organisateur : BCF - Building Congress Forum GmbH, Gerhard-Koch-Str. 2 + 4, 73760 Ostfildern-D\",\"breadcrumb\":{\"@id\":\"https:\\\/\\\/mortarsummit.eu\\\/fr\\\/impression\\\/#breadcrumb\"},\"inLanguage\":\"fr-FR\",\"potentialAction\":[{\"@type\":\"ReadAction\",\"target\":[\"https:\\\/\\\/mortarsummit.eu\\\/fr\\\/impression\\\/\"]}]},{\"@type\":\"BreadcrumbList\",\"@id\":\"https:\\\/\\\/mortarsummit.eu\\\/fr\\\/impression\\\/#breadcrumb\",\"itemListElement\":[{\"@type\":\"ListItem\",\"position\":1,\"name\":\"Startseite\",\"item\":\"https:\\\/\\\/mortarsummit.eu\\\/fr\\\/accueil\\\/\"},{\"@type\":\"ListItem\",\"position\":2,\"name\":\"Impression\"}]},{\"@type\":\"WebSite\",\"@id\":\"https:\\\/\\\/mortarsummit.eu\\\/fr\\\/#website\",\"url\":\"https:\\\/\\\/mortarsummit.eu\\\/fr\\\/\",\"name\":\"European Mortar Summit\",\"description\":\"The congress for the European Mortar Industy\",\"publisher\":{\"@id\":\"https:\\\/\\\/mortarsummit.eu\\\/fr\\\/#organization\"},\"potentialAction\":[{\"@type\":\"SearchAction\",\"target\":{\"@type\":\"EntryPoint\",\"urlTemplate\":\"https:\\\/\\\/mortarsummit.eu\\\/fr\\\/?s={search_term_string}\"},\"query-input\":{\"@type\":\"PropertyValueSpecification\",\"valueRequired\":true,\"valueName\":\"search_term_string\"}}],\"inLanguage\":\"fr-FR\"},{\"@type\":\"Organization\",\"@id\":\"https:\\\/\\\/mortarsummit.eu\\\/fr\\\/#organization\",\"name\":\"European Mortar Summit\",\"url\":\"https:\\\/\\\/mortarsummit.eu\\\/fr\\\/\",\"logo\":{\"@type\":\"ImageObject\",\"inLanguage\":\"fr-FR\",\"@id\":\"https:\\\/\\\/mortarsummit.eu\\\/fr\\\/#\\\/schema\\\/logo\\\/image\\\/\",\"url\":\"https:\\\/\\\/mortarsummit.eu\\\/wp-content\\\/uploads\\\/2024\\\/03\\\/cropped-EMO_Summit_logo_schrift_rechts.png\",\"contentUrl\":\"https:\\\/\\\/mortarsummit.eu\\\/wp-content\\\/uploads\\\/2024\\\/03\\\/cropped-EMO_Summit_logo_schrift_rechts.png\",\"width\":793,\"height\":186,\"caption\":\"European Mortar Summit\"},\"image\":{\"@id\":\"https:\\\/\\\/mortarsummit.eu\\\/fr\\\/#\\\/schema\\\/logo\\\/image\\\/\"}}]}<\/script>\n<!-- \/ Yoast SEO plugin. -->","yoast_head_json":{"title":"Impression - European Mortar Summit","description":"Organisateur : BCF - Building Congress Forum GmbH, Gerhard-Koch-Str. 2 + 4, 73760 Ostfildern-D","robots":{"index":"index","follow":"follow","max-snippet":"max-snippet:-1","max-image-preview":"max-image-preview:large","max-video-preview":"max-video-preview:-1"},"canonical":"https:\/\/mortarsummit.eu\/fr\/impression\/","og_locale":"fr_FR","og_type":"article","og_title":"Impression - European Mortar Summit","og_description":"Organisateur : BCF - Building Congress Forum GmbH, Gerhard-Koch-Str. 2 + 4, 73760 Ostfildern-D","og_url":"https:\/\/mortarsummit.eu\/fr\/impression\/","og_site_name":"European Mortar Summit","article_modified_time":"2024-05-27T08:40:44+00:00","twitter_card":"summary_large_image","schema":{"@context":"https:\/\/schema.org","@graph":[{"@type":"WebPage","@id":"https:\/\/mortarsummit.eu\/fr\/impression\/","url":"https:\/\/mortarsummit.eu\/fr\/impression\/","name":"Impression - European Mortar Summit","isPartOf":{"@id":"https:\/\/mortarsummit.eu\/fr\/#website"},"datePublished":"2024-03-26T14:00:19+00:00","dateModified":"2024-05-27T08:40:44+00:00","description":"Organisateur : BCF - Building Congress Forum GmbH, Gerhard-Koch-Str. 2 + 4, 73760 Ostfildern-D","breadcrumb":{"@id":"https:\/\/mortarsummit.eu\/fr\/impression\/#breadcrumb"},"inLanguage":"fr-FR","potentialAction":[{"@type":"ReadAction","target":["https:\/\/mortarsummit.eu\/fr\/impression\/"]}]},{"@type":"BreadcrumbList","@id":"https:\/\/mortarsummit.eu\/fr\/impression\/#breadcrumb","itemListElement":[{"@type":"ListItem","position":1,"name":"Startseite","item":"https:\/\/mortarsummit.eu\/fr\/accueil\/"},{"@type":"ListItem","position":2,"name":"Impression"}]},{"@type":"WebSite","@id":"https:\/\/mortarsummit.eu\/fr\/#website","url":"https:\/\/mortarsummit.eu\/fr\/","name":"European Mortar Summit","description":"The congress for the European Mortar Industy","publisher":{"@id":"https:\/\/mortarsummit.eu\/fr\/#organization"},"potentialAction":[{"@type":"SearchAction","target":{"@type":"EntryPoint","urlTemplate":"https:\/\/mortarsummit.eu\/fr\/?s={search_term_string}"},"query-input":{"@type":"PropertyValueSpecification","valueRequired":true,"valueName":"search_term_string"}}],"inLanguage":"fr-FR"},{"@type":"Organization","@id":"https:\/\/mortarsummit.eu\/fr\/#organization","name":"European Mortar Summit","url":"https:\/\/mortarsummit.eu\/fr\/","logo":{"@type":"ImageObject","inLanguage":"fr-FR","@id":"https:\/\/mortarsummit.eu\/fr\/#\/schema\/logo\/image\/","url":"https:\/\/mortarsummit.eu\/wp-content\/uploads\/2024\/03\/cropped-EMO_Summit_logo_schrift_rechts.png","contentUrl":"https:\/\/mortarsummit.eu\/wp-content\/uploads\/2024\/03\/cropped-EMO_Summit_logo_schrift_rechts.png","width":793,"height":186,"caption":"European Mortar Summit"},"image":{"@id":"https:\/\/mortarsummit.eu\/fr\/#\/schema\/logo\/image\/"}}]}},"_links":{"self":[{"href":"https:\/\/mortarsummit.eu\/fr\/wp-json\/wp\/v2\/pages\/924","targetHints":{"allow":["GET"]}}],"collection":[{"href":"https:\/\/mortarsummit.eu\/fr\/wp-json\/wp\/v2\/pages"}],"about":[{"href":"https:\/\/mortarsummit.eu\/fr\/wp-json\/wp\/v2\/types\/page"}],"author":[{"embeddable":true,"href":"https:\/\/mortarsummit.eu\/fr\/wp-json\/wp\/v2\/users\/3"}],"replies":[{"embeddable":true,"href":"https:\/\/mortarsummit.eu\/fr\/wp-json\/wp\/v2\/comments?post=924"}],"version-history":[{"count":3,"href":"https:\/\/mortarsummit.eu\/fr\/wp-json\/wp\/v2\/pages\/924\/revisions"}],"predecessor-version":[{"id":927,"href":"https:\/\/mortarsummit.eu\/fr\/wp-json\/wp\/v2\/pages\/924\/revisions\/927"}],"wp:attachment":[{"href":"https:\/\/mortarsummit.eu\/fr\/wp-json\/wp\/v2\/media?parent=924"}],"curies":[{"name":"wp","href":"https:\/\/api.w.org\/{rel}","templated":true}]}}