{"id":928,"date":"2024-05-03T05:42:55","date_gmt":"2024-05-03T05:42:55","guid":{"rendered":"https:\/\/mortarsummit.eu\/inscription\/"},"modified":"2025-01-13T06:37:35","modified_gmt":"2025-01-13T06:37:35","slug":"inscription","status":"publish","type":"page","link":"https:\/\/mortarsummit.eu\/fr\/inscription\/","title":{"rendered":"Inscription"},"content":{"rendered":"<h1>Inscription<\/h1>\n<h3>Inscrivez-vous d\u00e8s maintenant au Sommet europ\u00e9en du mortier 2025 !<\/h3>\n<p>Rejoignez-nous au <strong>Sommet europ\u00e9en du mortier 2025, l&rsquo;<\/strong>\u00e9v\u00e9nement incontournable pour les professionnels de l&rsquo;<strong>industrie du mortier, du pl\u00e2tre et de l&rsquo;isolation<\/strong>! Rencontrez des experts, d\u00e9couvrez les derni\u00e8res innovations et restez \u00e0 l&rsquo;aff\u00fbt des tendances du secteur. Avec des discours d&rsquo;orientation, un atelier sur l&rsquo;innovation et de pr\u00e9cieuses possibilit\u00e9s de mise en r\u00e9seau, ce sommet est votre chance de vous connecter, d&rsquo;apprendre et d&rsquo;influencer l&rsquo;avenir de la technologie du mortier. Inscrivez-vous d\u00e8s maintenant et participez \u00e0 la conversation !<\/p>\n<p>\t\t\t\t\t\t\t\t\t\t\t\t\t\t\t<img fetchpriority=\"high\" decoding=\"async\" width=\"800\" height=\"532\" src=\"https:\/\/mortarsummit.eu\/wp-content\/uploads\/2024\/07\/JCL_8241-1024x681.jpg\" alt=\"\" srcset=\"https:\/\/mortarsummit.eu\/wp-content\/uploads\/2024\/07\/JCL_8241-1024x681.jpg 1024w, https:\/\/mortarsummit.eu\/wp-content\/uploads\/2024\/07\/JCL_8241-300x200.jpg 300w, https:\/\/mortarsummit.eu\/wp-content\/uploads\/2024\/07\/JCL_8241-768x511.jpg 768w, https:\/\/mortarsummit.eu\/wp-content\/uploads\/2024\/07\/JCL_8241-1536x1022.jpg 1536w, https:\/\/mortarsummit.eu\/wp-content\/uploads\/2024\/07\/JCL_8241-2048x1363.jpg 2048w\" sizes=\"(max-width: 800px) 100vw, 800px\" \/>\t\t\t\t\t\t\t\t\t\t\t\t\t\t\t<\/p>\n<h2>S&rsquo;inscrire comme participant<\/h2>\n<p>\t\t\t\t\t<a href=\"https:\/\/vivenu.com\/event\/european-mortar-summit-2025-lzf1pa?useEmbed=true\" target=\"_blank\"><br \/>\n\t\t\t\t\t\t\t\t\tAcheter des billets<br \/>\n\t\t\t\t\t<\/a><\/p>\n<h2>Prix (sans TVA)<\/h2>\n<table id=\"eael-data-table-43eb45a\">\n<thead>\n<tr>\n<th id=\"\" colspan=\"\">\n\t\t\t\t\t\t\t\t\t\t\t\t\t\t<\/th>\n<th id=\"\" colspan=\"\">\n\t\t\t\t\t\t\t\t\t\t\t\t\t\tEarly Bird<br \/> (jusqu&rsquo;au 28.02.2025)<\/th>\n<th id=\"\" colspan=\"\">\n\t\t\t\t\t\t\t\t\t\t\t\t\t\tStandard<br \/> (jusqu&rsquo;au 31.05.2025)<\/th>\n<th id=\"\" colspan=\"\">\n\t\t\t\t\t\t\t\t\t\t\t\t\t\tLate \/ Onsite<br \/> (\u00e0 partir du 01.06.2025)<\/th>\n<\/tr>\n<\/thead>\n<tbody>\n<tr>\n<td colspan=\"\" rowspan=\"\" id=\"\">\n\t\t\t\t\t\t\t\t\t\t\t\t\tBillet complet pour le congr\u00e8s\n\t\t\t\t\t\t\t\t\t\t\t<\/td>\n<td colspan=\"\" rowspan=\"\" id=\"\">\n\t\t\t\t\t\t\t\t\t\t\t\t\t295,00 \u20ac\n\t\t\t\t\t\t\t\t\t\t\t<\/td>\n<td colspan=\"\" rowspan=\"\" id=\"\">\n\t\t\t\t\t\t\t\t\t\t\t\t\t345,00 \u20ac\n\t\t\t\t\t\t\t\t\t\t\t<\/td>\n<td colspan=\"\" rowspan=\"\" id=\"\">\n\t\t\t\t\t\t\t\t\t\t\t\t\t395,00 \u20ac\n\t\t\t\t\t\t\t\t\t\t\t<\/td>\n<\/tr>\n<tr>\n<td colspan=\"\" rowspan=\"\" id=\"\">\n\t\t\t\t\t\t\t\t\t\t\t\t\tD\u00eener de r\u00e9seautage Deichgraf\n\t\t\t\t\t\t\t\t\t\t\t<\/td>\n<td colspan=\"\" rowspan=\"\" id=\"\">\n\t\t\t\t\t\t\t\t\t\t\t\t\t125,00 \u20ac\n\t\t\t\t\t\t\t\t\t\t\t<\/td>\n<td colspan=\"\" rowspan=\"\" id=\"\">\n\t\t\t\t\t\t\t\t\t\t\t\t\t145,00 \u20ac\n\t\t\t\t\t\t\t\t\t\t\t<\/td>\n<td colspan=\"\" rowspan=\"\" id=\"\">\n\t\t\t\t\t\t\t\t\t\t\t\t\t165,00 \u20ac\n\t\t\t\t\t\t\t\t\t\t\t<\/td>\n<\/tr>\n<\/tbody>\n<\/table>\n<p>Le <strong>billet complet pour le congr\u00e8s<\/strong> comprend l&rsquo;acc\u00e8s \u00e0 l&rsquo;exposition, aux conf\u00e9rences, aux d\u00e9jeuners et aux pauses caf\u00e9.<\/p>\n<p>Le <strong>d\u00eener de r\u00e9seautage Deichgraf<\/strong> comprend la navette entre l&rsquo;h\u00f4tel Courtyard Seestern et le lieu de r\u00e9union, un menu \u00e0 trois plats et la navette de retour \u00e0 l&rsquo;h\u00f4tel Courtyard Seestern.<\/p>\n<p>En cas d&rsquo;annulation avant le 30 avril, vous recevrez un remboursement de 50 % du billet r\u00e9serv\u00e9. Les annulations apr\u00e8s le 30 avril ne seront pas rembours\u00e9es. Toutes les annulations doivent \u00eatre envoy\u00e9es par courrier \u00e0 <a href=\"mailto:contact@bcf-congress.com\">contact@bcf-congress.com<\/a>.<\/p>\n","protected":false},"excerpt":{"rendered":"<p>Inscription Inscrivez-vous d\u00e8s maintenant au Sommet europ\u00e9en du mortier 2025 ! Rejoignez-nous au Sommet europ\u00e9en du mortier 2025, l&rsquo;\u00e9v\u00e9nement incontournable pour les professionnels de l&rsquo;industrie du mortier, du pl\u00e2tre et de l&rsquo;isolation! Rencontrez des experts, d\u00e9couvrez les derni\u00e8res innovations et restez \u00e0 l&rsquo;aff\u00fbt des tendances du secteur. Avec des discours d&rsquo;orientation, un atelier sur l&rsquo;innovation [&hellip;]<\/p>\n","protected":false},"author":3,"featured_media":0,"parent":0,"menu_order":0,"comment_status":"closed","ping_status":"closed","template":"","meta":{"footnotes":""},"class_list":["post-928","page","type-page","status-publish","hentry"],"yoast_head":"<!-- This site is optimized with the Yoast SEO plugin v27.3 - https:\/\/yoast.com\/product\/yoast-seo-wordpress\/ -->\n<title>Inscription - European Mortar Summit<\/title>\n<meta name=\"robots\" content=\"index, follow, max-snippet:-1, max-image-preview:large, max-video-preview:-1\" \/>\n<link rel=\"canonical\" href=\"https:\/\/mortarsummit.eu\/fr\/inscription\/\" \/>\n<meta property=\"og:locale\" content=\"fr_FR\" \/>\n<meta property=\"og:type\" content=\"article\" \/>\n<meta property=\"og:title\" content=\"Inscription - European Mortar Summit\" \/>\n<meta property=\"og:description\" content=\"Inscription Inscrivez-vous d\u00e8s maintenant au Sommet europ\u00e9en du mortier 2025 ! Rejoignez-nous au Sommet europ\u00e9en du mortier 2025, l&rsquo;\u00e9v\u00e9nement incontournable pour les professionnels de l&rsquo;industrie du mortier, du pl\u00e2tre et de l&rsquo;isolation! Rencontrez des experts, d\u00e9couvrez les derni\u00e8res innovations et restez \u00e0 l&rsquo;aff\u00fbt des tendances du secteur. Avec des discours d&rsquo;orientation, un atelier sur l&rsquo;innovation [&hellip;]\" \/>\n<meta property=\"og:url\" content=\"https:\/\/mortarsummit.eu\/fr\/inscription\/\" \/>\n<meta property=\"og:site_name\" content=\"European Mortar Summit\" \/>\n<meta property=\"article:modified_time\" content=\"2025-01-13T06:37:35+00:00\" \/>\n<meta property=\"og:image\" content=\"https:\/\/mortarsummit.eu\/wp-content\/uploads\/2024\/07\/JCL_8241-scaled.jpg\" \/>\n\t<meta property=\"og:image:width\" content=\"2560\" \/>\n\t<meta property=\"og:image:height\" content=\"1704\" \/>\n\t<meta property=\"og:image:type\" content=\"image\/jpeg\" \/>\n<meta name=\"twitter:card\" content=\"summary_large_image\" \/>\n<meta name=\"twitter:label1\" content=\"Dur\u00e9e de lecture estim\u00e9e\" \/>\n\t<meta name=\"twitter:data1\" content=\"3 minutes\" \/>\n<script type=\"application\/ld+json\" class=\"yoast-schema-graph\">{\"@context\":\"https:\\\/\\\/schema.org\",\"@graph\":[{\"@type\":\"WebPage\",\"@id\":\"https:\\\/\\\/mortarsummit.eu\\\/fr\\\/inscription\\\/\",\"url\":\"https:\\\/\\\/mortarsummit.eu\\\/fr\\\/inscription\\\/\",\"name\":\"Inscription - European Mortar Summit\",\"isPartOf\":{\"@id\":\"https:\\\/\\\/mortarsummit.eu\\\/fr\\\/#website\"},\"primaryImageOfPage\":{\"@id\":\"https:\\\/\\\/mortarsummit.eu\\\/fr\\\/inscription\\\/#primaryimage\"},\"image\":{\"@id\":\"https:\\\/\\\/mortarsummit.eu\\\/fr\\\/inscription\\\/#primaryimage\"},\"thumbnailUrl\":\"https:\\\/\\\/mortarsummit.eu\\\/wp-content\\\/uploads\\\/2024\\\/07\\\/JCL_8241-1024x681.jpg\",\"datePublished\":\"2024-05-03T05:42:55+00:00\",\"dateModified\":\"2025-01-13T06:37:35+00:00\",\"breadcrumb\":{\"@id\":\"https:\\\/\\\/mortarsummit.eu\\\/fr\\\/inscription\\\/#breadcrumb\"},\"inLanguage\":\"fr-FR\",\"potentialAction\":[{\"@type\":\"ReadAction\",\"target\":[\"https:\\\/\\\/mortarsummit.eu\\\/fr\\\/inscription\\\/\"]}]},{\"@type\":\"ImageObject\",\"inLanguage\":\"fr-FR\",\"@id\":\"https:\\\/\\\/mortarsummit.eu\\\/fr\\\/inscription\\\/#primaryimage\",\"url\":\"https:\\\/\\\/mortarsummit.eu\\\/wp-content\\\/uploads\\\/2024\\\/07\\\/JCL_8241-1024x681.jpg\",\"contentUrl\":\"https:\\\/\\\/mortarsummit.eu\\\/wp-content\\\/uploads\\\/2024\\\/07\\\/JCL_8241-1024x681.jpg\"},{\"@type\":\"BreadcrumbList\",\"@id\":\"https:\\\/\\\/mortarsummit.eu\\\/fr\\\/inscription\\\/#breadcrumb\",\"itemListElement\":[{\"@type\":\"ListItem\",\"position\":1,\"name\":\"Startseite\",\"item\":\"https:\\\/\\\/mortarsummit.eu\\\/fr\\\/accueil\\\/\"},{\"@type\":\"ListItem\",\"position\":2,\"name\":\"Inscription\"}]},{\"@type\":\"WebSite\",\"@id\":\"https:\\\/\\\/mortarsummit.eu\\\/fr\\\/#website\",\"url\":\"https:\\\/\\\/mortarsummit.eu\\\/fr\\\/\",\"name\":\"European Mortar Summit\",\"description\":\"The congress for the European Mortar Industy\",\"publisher\":{\"@id\":\"https:\\\/\\\/mortarsummit.eu\\\/fr\\\/#organization\"},\"potentialAction\":[{\"@type\":\"SearchAction\",\"target\":{\"@type\":\"EntryPoint\",\"urlTemplate\":\"https:\\\/\\\/mortarsummit.eu\\\/fr\\\/?s={search_term_string}\"},\"query-input\":{\"@type\":\"PropertyValueSpecification\",\"valueRequired\":true,\"valueName\":\"search_term_string\"}}],\"inLanguage\":\"fr-FR\"},{\"@type\":\"Organization\",\"@id\":\"https:\\\/\\\/mortarsummit.eu\\\/fr\\\/#organization\",\"name\":\"European Mortar Summit\",\"url\":\"https:\\\/\\\/mortarsummit.eu\\\/fr\\\/\",\"logo\":{\"@type\":\"ImageObject\",\"inLanguage\":\"fr-FR\",\"@id\":\"https:\\\/\\\/mortarsummit.eu\\\/fr\\\/#\\\/schema\\\/logo\\\/image\\\/\",\"url\":\"https:\\\/\\\/mortarsummit.eu\\\/wp-content\\\/uploads\\\/2024\\\/03\\\/cropped-EMO_Summit_logo_schrift_rechts.png\",\"contentUrl\":\"https:\\\/\\\/mortarsummit.eu\\\/wp-content\\\/uploads\\\/2024\\\/03\\\/cropped-EMO_Summit_logo_schrift_rechts.png\",\"width\":793,\"height\":186,\"caption\":\"European Mortar Summit\"},\"image\":{\"@id\":\"https:\\\/\\\/mortarsummit.eu\\\/fr\\\/#\\\/schema\\\/logo\\\/image\\\/\"}}]}<\/script>\n<!-- \/ Yoast SEO plugin. -->","yoast_head_json":{"title":"Inscription - European Mortar Summit","robots":{"index":"index","follow":"follow","max-snippet":"max-snippet:-1","max-image-preview":"max-image-preview:large","max-video-preview":"max-video-preview:-1"},"canonical":"https:\/\/mortarsummit.eu\/fr\/inscription\/","og_locale":"fr_FR","og_type":"article","og_title":"Inscription - European Mortar Summit","og_description":"Inscription Inscrivez-vous d\u00e8s maintenant au Sommet europ\u00e9en du mortier 2025 ! Rejoignez-nous au Sommet europ\u00e9en du mortier 2025, l&rsquo;\u00e9v\u00e9nement incontournable pour les professionnels de l&rsquo;industrie du mortier, du pl\u00e2tre et de l&rsquo;isolation! Rencontrez des experts, d\u00e9couvrez les derni\u00e8res innovations et restez \u00e0 l&rsquo;aff\u00fbt des tendances du secteur. Avec des discours d&rsquo;orientation, un atelier sur l&rsquo;innovation [&hellip;]","og_url":"https:\/\/mortarsummit.eu\/fr\/inscription\/","og_site_name":"European Mortar Summit","article_modified_time":"2025-01-13T06:37:35+00:00","og_image":[{"width":2560,"height":1704,"url":"https:\/\/mortarsummit.eu\/wp-content\/uploads\/2024\/07\/JCL_8241-scaled.jpg","type":"image\/jpeg"}],"twitter_card":"summary_large_image","twitter_misc":{"Dur\u00e9e de lecture estim\u00e9e":"3 minutes"},"schema":{"@context":"https:\/\/schema.org","@graph":[{"@type":"WebPage","@id":"https:\/\/mortarsummit.eu\/fr\/inscription\/","url":"https:\/\/mortarsummit.eu\/fr\/inscription\/","name":"Inscription - European Mortar Summit","isPartOf":{"@id":"https:\/\/mortarsummit.eu\/fr\/#website"},"primaryImageOfPage":{"@id":"https:\/\/mortarsummit.eu\/fr\/inscription\/#primaryimage"},"image":{"@id":"https:\/\/mortarsummit.eu\/fr\/inscription\/#primaryimage"},"thumbnailUrl":"https:\/\/mortarsummit.eu\/wp-content\/uploads\/2024\/07\/JCL_8241-1024x681.jpg","datePublished":"2024-05-03T05:42:55+00:00","dateModified":"2025-01-13T06:37:35+00:00","breadcrumb":{"@id":"https:\/\/mortarsummit.eu\/fr\/inscription\/#breadcrumb"},"inLanguage":"fr-FR","potentialAction":[{"@type":"ReadAction","target":["https:\/\/mortarsummit.eu\/fr\/inscription\/"]}]},{"@type":"ImageObject","inLanguage":"fr-FR","@id":"https:\/\/mortarsummit.eu\/fr\/inscription\/#primaryimage","url":"https:\/\/mortarsummit.eu\/wp-content\/uploads\/2024\/07\/JCL_8241-1024x681.jpg","contentUrl":"https:\/\/mortarsummit.eu\/wp-content\/uploads\/2024\/07\/JCL_8241-1024x681.jpg"},{"@type":"BreadcrumbList","@id":"https:\/\/mortarsummit.eu\/fr\/inscription\/#breadcrumb","itemListElement":[{"@type":"ListItem","position":1,"name":"Startseite","item":"https:\/\/mortarsummit.eu\/fr\/accueil\/"},{"@type":"ListItem","position":2,"name":"Inscription"}]},{"@type":"WebSite","@id":"https:\/\/mortarsummit.eu\/fr\/#website","url":"https:\/\/mortarsummit.eu\/fr\/","name":"European Mortar Summit","description":"The congress for the European Mortar Industy","publisher":{"@id":"https:\/\/mortarsummit.eu\/fr\/#organization"},"potentialAction":[{"@type":"SearchAction","target":{"@type":"EntryPoint","urlTemplate":"https:\/\/mortarsummit.eu\/fr\/?s={search_term_string}"},"query-input":{"@type":"PropertyValueSpecification","valueRequired":true,"valueName":"search_term_string"}}],"inLanguage":"fr-FR"},{"@type":"Organization","@id":"https:\/\/mortarsummit.eu\/fr\/#organization","name":"European Mortar Summit","url":"https:\/\/mortarsummit.eu\/fr\/","logo":{"@type":"ImageObject","inLanguage":"fr-FR","@id":"https:\/\/mortarsummit.eu\/fr\/#\/schema\/logo\/image\/","url":"https:\/\/mortarsummit.eu\/wp-content\/uploads\/2024\/03\/cropped-EMO_Summit_logo_schrift_rechts.png","contentUrl":"https:\/\/mortarsummit.eu\/wp-content\/uploads\/2024\/03\/cropped-EMO_Summit_logo_schrift_rechts.png","width":793,"height":186,"caption":"European Mortar Summit"},"image":{"@id":"https:\/\/mortarsummit.eu\/fr\/#\/schema\/logo\/image\/"}}]}},"_links":{"self":[{"href":"https:\/\/mortarsummit.eu\/fr\/wp-json\/wp\/v2\/pages\/928","targetHints":{"allow":["GET"]}}],"collection":[{"href":"https:\/\/mortarsummit.eu\/fr\/wp-json\/wp\/v2\/pages"}],"about":[{"href":"https:\/\/mortarsummit.eu\/fr\/wp-json\/wp\/v2\/types\/page"}],"author":[{"embeddable":true,"href":"https:\/\/mortarsummit.eu\/fr\/wp-json\/wp\/v2\/users\/3"}],"replies":[{"embeddable":true,"href":"https:\/\/mortarsummit.eu\/fr\/wp-json\/wp\/v2\/comments?post=928"}],"version-history":[{"count":10,"href":"https:\/\/mortarsummit.eu\/fr\/wp-json\/wp\/v2\/pages\/928\/revisions"}],"predecessor-version":[{"id":2373,"href":"https:\/\/mortarsummit.eu\/fr\/wp-json\/wp\/v2\/pages\/928\/revisions\/2373"}],"wp:attachment":[{"href":"https:\/\/mortarsummit.eu\/fr\/wp-json\/wp\/v2\/media?parent=928"}],"curies":[{"name":"wp","href":"https:\/\/api.w.org\/{rel}","templated":true}]}}