{"id":930,"date":"2024-03-25T13:57:32","date_gmt":"2024-03-25T13:57:32","guid":{"rendered":"https:\/\/mortarsummit.eu\/programme-de-soutien\/"},"modified":"2024-12-09T12:16:32","modified_gmt":"2024-12-09T12:16:32","slug":"programme-de-soutien","status":"publish","type":"page","link":"https:\/\/mortarsummit.eu\/fr\/programme-de-soutien\/","title":{"rendered":"Programme de soutien"},"content":{"rendered":"<h1>Programme de soutien<\/h1>\n<p>Participez au d\u00eener de r\u00e9seautage de l&rsquo;EMO au Deichgraf D\u00fcsseldorf.<\/p>\n<p>\t\t\t\t\t<a href=\"https:\/\/mortarsummit.eu\/fr\/inscription\/\"><br \/>\n\t\t\t\t\t\t\t\t\tA l&rsquo;enregistrement<br \/>\n\t\t\t\t\t<\/a><br \/>\n\t\t\t\t\t\t\t\t\t\t\t\t\t<img fetchpriority=\"high\" decoding=\"async\" width=\"800\" height=\"533\" src=\"https:\/\/mortarsummit.eu\/wp-content\/uploads\/2024\/09\/deichgraf-1024x682.jpeg\" alt=\"\" srcset=\"https:\/\/mortarsummit.eu\/wp-content\/uploads\/2024\/09\/deichgraf-1024x682.jpeg 1024w, https:\/\/mortarsummit.eu\/wp-content\/uploads\/2024\/09\/deichgraf-300x200.jpeg 300w, https:\/\/mortarsummit.eu\/wp-content\/uploads\/2024\/09\/deichgraf-768x512.jpeg 768w, https:\/\/mortarsummit.eu\/wp-content\/uploads\/2024\/09\/deichgraf-1536x1023.jpeg 1536w, https:\/\/mortarsummit.eu\/wp-content\/uploads\/2024\/09\/deichgraf.jpeg 1600w\" sizes=\"(max-width: 800px) 100vw, 800px\" \/>\t\t\t\t\t\t\t\t\t\t\t\t\t<\/p>\n<h3>D\u00eener de r\u00e9seautage \u00e0 Deichgraf<\/h3>\n<p>Lieu du d\u00eener : Deichgraf (pr\u00e8s du Dr. Thompsons)<br \/>\nR\u00e9ception : 19:15<br \/>\nD\u00eener : 20:00 &#8211; Buffet<br \/>\nFin de l&rsquo;\u00e9v\u00e9nement : 23:00<br \/>\n<strong>Service de navette :<\/strong><br \/>\nH\u00f4tel Courtyard by Marriott au lieu de d\u00eener \u00ab\u00a0Deichgraf\u00a0\u00bb :<br \/>\n18:45 et 19:00<br \/>\n\u00ab\u00a0Deichgraf\u00a0\u00bb \u00e0 l&rsquo;h\u00f4tel Courtyard by Marriott :<br \/>\n22:30 et 23:00<br \/>\n\t\t\t\t\t\t\t<svg aria-hidden=\"true\" viewBox=\"0 0 1000 1000\" xmlns=\"http:\/\/www.w3.org\/2000\/svg\"><path d=\"M646 125C629 125 613 133 604 142L308 442C296 454 292 471 292 487 292 504 296 521 308 533L604 854C617 867 629 875 646 875 663 875 679 871 692 858 704 846 713 829 713 812 713 796 708 779 692 767L438 487 692 225C700 217 708 204 708 187 708 171 704 154 692 142 675 129 663 125 646 125Z\"><\/path><\/svg>\t\t\t\t\t\t\tPrevious slide<br \/>\n\t\t\t\t\t\t\t<svg aria-hidden=\"true\" viewBox=\"0 0 1000 1000\" xmlns=\"http:\/\/www.w3.org\/2000\/svg\"><path d=\"M696 533C708 521 713 504 713 487 713 471 708 454 696 446L400 146C388 133 375 125 354 125 338 125 325 129 313 142 300 154 292 171 292 187 292 204 296 221 308 233L563 492 304 771C292 783 288 800 288 817 288 833 296 850 308 863 321 871 338 875 354 875 371 875 388 867 400 854L696 533Z\"><\/path><\/svg>\t\t\t\t\t\t\tNext slide<\/p>\n<table id=\"eael-data-table-1a4f99c\">\n<thead>\n<tr>\n<th id=\"\" colspan=\"\">\n\t\t\t\t\t\t\t\t\t\t\t\t\t\t<\/th>\n<th id=\"\" colspan=\"\">\n\t\t\t\t\t\t\t\t\t\t\t\t\t\tEarly Bird<br \/> (jusqu&rsquo;au 28.02.2025)<\/th>\n<th id=\"\" colspan=\"\">\n\t\t\t\t\t\t\t\t\t\t\t\t\t\tStandard<br \/> (jusqu&rsquo;au 31.05.2025)<\/th>\n<th id=\"\" colspan=\"\">\n\t\t\t\t\t\t\t\t\t\t\t\t\t\tLate \/ Onsite<br \/> (\u00e0 partir du 01.06.2025)<\/th>\n<\/tr>\n<\/thead>\n<tbody>\n<tr>\n<td colspan=\"\" rowspan=\"\" id=\"\">\n\t\t\t\t\t\t\t\t\t\t\t\t\tD\u00eener de r\u00e9seautage Deichgraf\n\t\t\t\t\t\t\t\t\t\t\t<\/td>\n<td colspan=\"\" rowspan=\"\" id=\"\">\n\t\t\t\t\t\t\t\t\t\t\t\t\t125,00 \u20ac\n\t\t\t\t\t\t\t\t\t\t\t<\/td>\n<td colspan=\"\" rowspan=\"\" id=\"\">\n\t\t\t\t\t\t\t\t\t\t\t\t\t145,00 \u20ac\n\t\t\t\t\t\t\t\t\t\t\t<\/td>\n<td colspan=\"\" rowspan=\"\" id=\"\">\n\t\t\t\t\t\t\t\t\t\t\t\t\t165,00 \u20ac\n\t\t\t\t\t\t\t\t\t\t\t<\/td>\n<\/tr>\n<\/tbody>\n<\/table>\n<p>Le <strong>d\u00eener de r\u00e9seautage Deichgraf<\/strong> comprend la navette entre l&rsquo;h\u00f4tel Courtyard Seestern et le lieu de r\u00e9union, un menu \u00e0 trois plats et la navette de retour \u00e0 l&rsquo;h\u00f4tel Courtyard Seestern.<\/p>\n<p>Pour vous inscrire au d\u00eener de r\u00e9seautage, cliquez sur \u00ab\u00a0Inscription\u00a0\u00bb ci-dessous et remplissez le formulaire.<\/p>\n<p>\t\t\t\t\t<a href=\"https:\/\/mortarsummit.eu\/fr\/inscription\/#form\"><br \/>\n\t\t\t\t\t\t\t\t\tInscription<br \/>\n\t\t\t\t\t<\/a><\/p>\n<h2>Devenez exposant d\u00e8s aujourd&rsquo;hui !<\/h2>\n<p>C&rsquo;est l&rsquo;occasion de profiter de l&rsquo;Early Bird pour les exposants : jusqu&rsquo;au 31.01.2025, vous pouvez r\u00e9server votre stand d&rsquo;exposant en b\u00e9n\u00e9ficiant d&rsquo;une r\u00e9duction.<\/p>\n<p>\t\t\t\t\t<a href=\"https:\/\/mortarsummit.eu\/fr\/exposition\/\"><br \/>\n\t\t\t\t\t\t\t\t\tEn savoir plus<br \/>\n\t\t\t\t\t<\/a><\/p>\n","protected":false},"excerpt":{"rendered":"<p>Programme de soutien Participez au d\u00eener de r\u00e9seautage de l&rsquo;EMO au Deichgraf D\u00fcsseldorf. A l&rsquo;enregistrement D\u00eener de r\u00e9seautage \u00e0 Deichgraf Lieu du d\u00eener : Deichgraf (pr\u00e8s du Dr. Thompsons) R\u00e9ception : 19:15 D\u00eener : 20:00 &#8211; Buffet Fin de l&rsquo;\u00e9v\u00e9nement : 23:00 Service de navette : H\u00f4tel Courtyard by Marriott au lieu de d\u00eener \u00ab\u00a0Deichgraf\u00a0\u00bb [&hellip;]<\/p>\n","protected":false},"author":3,"featured_media":0,"parent":0,"menu_order":0,"comment_status":"closed","ping_status":"closed","template":"elementor_header_footer","meta":{"footnotes":""},"class_list":["post-930","page","type-page","status-publish","hentry"],"yoast_head":"<!-- This site is optimized with the Yoast SEO plugin v27.3 - https:\/\/yoast.com\/product\/yoast-seo-wordpress\/ -->\n<title>Programme de soutien - European Mortar Summit<\/title>\n<meta name=\"description\" content=\"Le programme d&#039;accompagnement sera publi\u00e9 prochainement, alors restez \u00e0 l&#039;\u00e9coute ! L&#039;inscription des participants sera bient\u00f4t disponible.\" \/>\n<meta name=\"robots\" content=\"index, follow, max-snippet:-1, max-image-preview:large, max-video-preview:-1\" \/>\n<link rel=\"canonical\" href=\"https:\/\/mortarsummit.eu\/fr\/programme-de-soutien\/\" \/>\n<meta property=\"og:locale\" content=\"fr_FR\" \/>\n<meta property=\"og:type\" content=\"article\" \/>\n<meta property=\"og:title\" content=\"Programme de soutien - European Mortar Summit\" \/>\n<meta property=\"og:description\" content=\"Le programme d&#039;accompagnement sera publi\u00e9 prochainement, alors restez \u00e0 l&#039;\u00e9coute ! L&#039;inscription des participants sera bient\u00f4t disponible.\" \/>\n<meta property=\"og:url\" content=\"https:\/\/mortarsummit.eu\/fr\/programme-de-soutien\/\" \/>\n<meta property=\"og:site_name\" content=\"European Mortar Summit\" \/>\n<meta property=\"article:modified_time\" content=\"2024-12-09T12:16:32+00:00\" \/>\n<meta property=\"og:image\" content=\"https:\/\/mortarsummit.eu\/wp-content\/uploads\/2024\/09\/deichgraf.jpeg\" \/>\n\t<meta property=\"og:image:width\" content=\"1600\" \/>\n\t<meta property=\"og:image:height\" content=\"1066\" \/>\n\t<meta property=\"og:image:type\" content=\"image\/jpeg\" \/>\n<meta name=\"twitter:card\" content=\"summary_large_image\" \/>\n<meta name=\"twitter:label1\" content=\"Dur\u00e9e de lecture estim\u00e9e\" \/>\n\t<meta name=\"twitter:data1\" content=\"1 minute\" \/>\n<script type=\"application\/ld+json\" class=\"yoast-schema-graph\">{\"@context\":\"https:\\\/\\\/schema.org\",\"@graph\":[{\"@type\":\"WebPage\",\"@id\":\"https:\\\/\\\/mortarsummit.eu\\\/fr\\\/programme-de-soutien\\\/\",\"url\":\"https:\\\/\\\/mortarsummit.eu\\\/fr\\\/programme-de-soutien\\\/\",\"name\":\"Programme de soutien - European Mortar Summit\",\"isPartOf\":{\"@id\":\"https:\\\/\\\/mortarsummit.eu\\\/fr\\\/#website\"},\"primaryImageOfPage\":{\"@id\":\"https:\\\/\\\/mortarsummit.eu\\\/fr\\\/programme-de-soutien\\\/#primaryimage\"},\"image\":{\"@id\":\"https:\\\/\\\/mortarsummit.eu\\\/fr\\\/programme-de-soutien\\\/#primaryimage\"},\"thumbnailUrl\":\"https:\\\/\\\/mortarsummit.eu\\\/wp-content\\\/uploads\\\/2024\\\/09\\\/deichgraf-1024x682.jpeg\",\"datePublished\":\"2024-03-25T13:57:32+00:00\",\"dateModified\":\"2024-12-09T12:16:32+00:00\",\"description\":\"Le programme d'accompagnement sera publi\u00e9 prochainement, alors restez \u00e0 l'\u00e9coute ! L'inscription des participants sera bient\u00f4t disponible.\",\"breadcrumb\":{\"@id\":\"https:\\\/\\\/mortarsummit.eu\\\/fr\\\/programme-de-soutien\\\/#breadcrumb\"},\"inLanguage\":\"fr-FR\",\"potentialAction\":[{\"@type\":\"ReadAction\",\"target\":[\"https:\\\/\\\/mortarsummit.eu\\\/fr\\\/programme-de-soutien\\\/\"]}]},{\"@type\":\"ImageObject\",\"inLanguage\":\"fr-FR\",\"@id\":\"https:\\\/\\\/mortarsummit.eu\\\/fr\\\/programme-de-soutien\\\/#primaryimage\",\"url\":\"https:\\\/\\\/mortarsummit.eu\\\/wp-content\\\/uploads\\\/2024\\\/09\\\/deichgraf-1024x682.jpeg\",\"contentUrl\":\"https:\\\/\\\/mortarsummit.eu\\\/wp-content\\\/uploads\\\/2024\\\/09\\\/deichgraf-1024x682.jpeg\"},{\"@type\":\"BreadcrumbList\",\"@id\":\"https:\\\/\\\/mortarsummit.eu\\\/fr\\\/programme-de-soutien\\\/#breadcrumb\",\"itemListElement\":[{\"@type\":\"ListItem\",\"position\":1,\"name\":\"Startseite\",\"item\":\"https:\\\/\\\/mortarsummit.eu\\\/fr\\\/accueil\\\/\"},{\"@type\":\"ListItem\",\"position\":2,\"name\":\"Programme de soutien\"}]},{\"@type\":\"WebSite\",\"@id\":\"https:\\\/\\\/mortarsummit.eu\\\/fr\\\/#website\",\"url\":\"https:\\\/\\\/mortarsummit.eu\\\/fr\\\/\",\"name\":\"European Mortar Summit\",\"description\":\"The congress for the European Mortar Industy\",\"publisher\":{\"@id\":\"https:\\\/\\\/mortarsummit.eu\\\/fr\\\/#organization\"},\"potentialAction\":[{\"@type\":\"SearchAction\",\"target\":{\"@type\":\"EntryPoint\",\"urlTemplate\":\"https:\\\/\\\/mortarsummit.eu\\\/fr\\\/?s={search_term_string}\"},\"query-input\":{\"@type\":\"PropertyValueSpecification\",\"valueRequired\":true,\"valueName\":\"search_term_string\"}}],\"inLanguage\":\"fr-FR\"},{\"@type\":\"Organization\",\"@id\":\"https:\\\/\\\/mortarsummit.eu\\\/fr\\\/#organization\",\"name\":\"European Mortar Summit\",\"url\":\"https:\\\/\\\/mortarsummit.eu\\\/fr\\\/\",\"logo\":{\"@type\":\"ImageObject\",\"inLanguage\":\"fr-FR\",\"@id\":\"https:\\\/\\\/mortarsummit.eu\\\/fr\\\/#\\\/schema\\\/logo\\\/image\\\/\",\"url\":\"https:\\\/\\\/mortarsummit.eu\\\/wp-content\\\/uploads\\\/2024\\\/03\\\/cropped-EMO_Summit_logo_schrift_rechts.png\",\"contentUrl\":\"https:\\\/\\\/mortarsummit.eu\\\/wp-content\\\/uploads\\\/2024\\\/03\\\/cropped-EMO_Summit_logo_schrift_rechts.png\",\"width\":793,\"height\":186,\"caption\":\"European Mortar Summit\"},\"image\":{\"@id\":\"https:\\\/\\\/mortarsummit.eu\\\/fr\\\/#\\\/schema\\\/logo\\\/image\\\/\"}}]}<\/script>\n<!-- \/ Yoast SEO plugin. -->","yoast_head_json":{"title":"Programme de soutien - European Mortar Summit","description":"Le programme d'accompagnement sera publi\u00e9 prochainement, alors restez \u00e0 l'\u00e9coute ! L'inscription des participants sera bient\u00f4t disponible.","robots":{"index":"index","follow":"follow","max-snippet":"max-snippet:-1","max-image-preview":"max-image-preview:large","max-video-preview":"max-video-preview:-1"},"canonical":"https:\/\/mortarsummit.eu\/fr\/programme-de-soutien\/","og_locale":"fr_FR","og_type":"article","og_title":"Programme de soutien - European Mortar Summit","og_description":"Le programme d'accompagnement sera publi\u00e9 prochainement, alors restez \u00e0 l'\u00e9coute ! L'inscription des participants sera bient\u00f4t disponible.","og_url":"https:\/\/mortarsummit.eu\/fr\/programme-de-soutien\/","og_site_name":"European Mortar Summit","article_modified_time":"2024-12-09T12:16:32+00:00","og_image":[{"width":1600,"height":1066,"url":"https:\/\/mortarsummit.eu\/wp-content\/uploads\/2024\/09\/deichgraf.jpeg","type":"image\/jpeg"}],"twitter_card":"summary_large_image","twitter_misc":{"Dur\u00e9e de lecture estim\u00e9e":"1 minute"},"schema":{"@context":"https:\/\/schema.org","@graph":[{"@type":"WebPage","@id":"https:\/\/mortarsummit.eu\/fr\/programme-de-soutien\/","url":"https:\/\/mortarsummit.eu\/fr\/programme-de-soutien\/","name":"Programme de soutien - European Mortar Summit","isPartOf":{"@id":"https:\/\/mortarsummit.eu\/fr\/#website"},"primaryImageOfPage":{"@id":"https:\/\/mortarsummit.eu\/fr\/programme-de-soutien\/#primaryimage"},"image":{"@id":"https:\/\/mortarsummit.eu\/fr\/programme-de-soutien\/#primaryimage"},"thumbnailUrl":"https:\/\/mortarsummit.eu\/wp-content\/uploads\/2024\/09\/deichgraf-1024x682.jpeg","datePublished":"2024-03-25T13:57:32+00:00","dateModified":"2024-12-09T12:16:32+00:00","description":"Le programme d'accompagnement sera publi\u00e9 prochainement, alors restez \u00e0 l'\u00e9coute ! L'inscription des participants sera bient\u00f4t disponible.","breadcrumb":{"@id":"https:\/\/mortarsummit.eu\/fr\/programme-de-soutien\/#breadcrumb"},"inLanguage":"fr-FR","potentialAction":[{"@type":"ReadAction","target":["https:\/\/mortarsummit.eu\/fr\/programme-de-soutien\/"]}]},{"@type":"ImageObject","inLanguage":"fr-FR","@id":"https:\/\/mortarsummit.eu\/fr\/programme-de-soutien\/#primaryimage","url":"https:\/\/mortarsummit.eu\/wp-content\/uploads\/2024\/09\/deichgraf-1024x682.jpeg","contentUrl":"https:\/\/mortarsummit.eu\/wp-content\/uploads\/2024\/09\/deichgraf-1024x682.jpeg"},{"@type":"BreadcrumbList","@id":"https:\/\/mortarsummit.eu\/fr\/programme-de-soutien\/#breadcrumb","itemListElement":[{"@type":"ListItem","position":1,"name":"Startseite","item":"https:\/\/mortarsummit.eu\/fr\/accueil\/"},{"@type":"ListItem","position":2,"name":"Programme de soutien"}]},{"@type":"WebSite","@id":"https:\/\/mortarsummit.eu\/fr\/#website","url":"https:\/\/mortarsummit.eu\/fr\/","name":"European Mortar Summit","description":"The congress for the European Mortar Industy","publisher":{"@id":"https:\/\/mortarsummit.eu\/fr\/#organization"},"potentialAction":[{"@type":"SearchAction","target":{"@type":"EntryPoint","urlTemplate":"https:\/\/mortarsummit.eu\/fr\/?s={search_term_string}"},"query-input":{"@type":"PropertyValueSpecification","valueRequired":true,"valueName":"search_term_string"}}],"inLanguage":"fr-FR"},{"@type":"Organization","@id":"https:\/\/mortarsummit.eu\/fr\/#organization","name":"European Mortar Summit","url":"https:\/\/mortarsummit.eu\/fr\/","logo":{"@type":"ImageObject","inLanguage":"fr-FR","@id":"https:\/\/mortarsummit.eu\/fr\/#\/schema\/logo\/image\/","url":"https:\/\/mortarsummit.eu\/wp-content\/uploads\/2024\/03\/cropped-EMO_Summit_logo_schrift_rechts.png","contentUrl":"https:\/\/mortarsummit.eu\/wp-content\/uploads\/2024\/03\/cropped-EMO_Summit_logo_schrift_rechts.png","width":793,"height":186,"caption":"European Mortar Summit"},"image":{"@id":"https:\/\/mortarsummit.eu\/fr\/#\/schema\/logo\/image\/"}}]}},"_links":{"self":[{"href":"https:\/\/mortarsummit.eu\/fr\/wp-json\/wp\/v2\/pages\/930","targetHints":{"allow":["GET"]}}],"collection":[{"href":"https:\/\/mortarsummit.eu\/fr\/wp-json\/wp\/v2\/pages"}],"about":[{"href":"https:\/\/mortarsummit.eu\/fr\/wp-json\/wp\/v2\/types\/page"}],"author":[{"embeddable":true,"href":"https:\/\/mortarsummit.eu\/fr\/wp-json\/wp\/v2\/users\/3"}],"replies":[{"embeddable":true,"href":"https:\/\/mortarsummit.eu\/fr\/wp-json\/wp\/v2\/comments?post=930"}],"version-history":[{"count":8,"href":"https:\/\/mortarsummit.eu\/fr\/wp-json\/wp\/v2\/pages\/930\/revisions"}],"predecessor-version":[{"id":2250,"href":"https:\/\/mortarsummit.eu\/fr\/wp-json\/wp\/v2\/pages\/930\/revisions\/2250"}],"wp:attachment":[{"href":"https:\/\/mortarsummit.eu\/fr\/wp-json\/wp\/v2\/media?parent=930"}],"curies":[{"name":"wp","href":"https:\/\/api.w.org\/{rel}","templated":true}]}}